{"id":692,"date":"2025-11-02T15:25:55","date_gmt":"2025-11-02T14:25:55","guid":{"rendered":"https:\/\/asgs.dare-solutions.com\/?page_id=692"},"modified":"2026-03-11T11:16:32","modified_gmt":"2026-03-11T10:16:32","slug":"regions","status":"publish","type":"page","link":"https:\/\/asgs.dare-solutions.com\/fr\/ueber-uns\/regionen\/","title":{"rendered":"R\u00e9gions"},"content":{"rendered":"<div data-elementor-type=\"wp-page\" data-elementor-id=\"692\" class=\"elementor elementor-692\" data-elementor-post-type=\"page\">\n\t\t\t\t<div class=\"elementor-element elementor-element-8bcc4c0 e-flex e-con-boxed e-con e-parent\" data-id=\"8bcc4c0\" data-element_type=\"container\" data-settings=\"{&quot;background_background&quot;:&quot;classic&quot;}\">\n\t\t\t\t\t<div class=\"e-con-inner\">\n\t\t<div class=\"elementor-element elementor-element-07afbe6 e-con-full e-flex e-con e-child\" data-id=\"07afbe6\" data-element_type=\"container\" data-settings=\"{&quot;background_background&quot;:&quot;classic&quot;}\">\n\t\t\t\t<div class=\"elementor-element elementor-element-74fb5fd elementor-widget__width-initial elementor-widget-tablet__width-inherit elementor-widget elementor-widget-elementskit-heading\" data-id=\"74fb5fd\" data-element_type=\"widget\" data-widget_type=\"elementskit-heading.default\">\n\t\t\t\t\t<div class=\"ekit-wid-con\" ><div class=\"ekit-heading elementskit-section-title-wraper text_left   ekit_heading_tablet-   ekit_heading_mobile-\"><h3 class=\"elementskit-section-subtitle\">\n\t\t\t\t\t\tR\u00e9gions\n\t\t\t\t\t<\/h3><h2 class=\"ekit-heading--title elementskit-section-title\">Quatre r\u00e9gions - une passion : le golf<\/h2>\t\t\t\t<div class='ekit-heading__description'>\n\t\t\t\t\t<p>L'ASGS relie les golfeurs de toute la Suisse. Dans nos quatre r\u00e9gions - <strong>Est, Sud, Ouest et Centre -<\/strong>\u00a0des personnes partageant les m\u00eames id\u00e9es se rencontrent pour des tournois, des amiti\u00e9s et des exp\u00e9riences inoubliables.<\/p>\n<p>Chaque r\u00e9gion a son propre caract\u00e8re, ses propres tournois et ses ambiances particuli\u00e8res - et pourtant, toutes font partie d'une grande communaut\u00e9 : <strong>ASGS.<\/strong><\/p>\n<p>Clique sur ta r\u00e9gion et tu obtiendras des informations adapt\u00e9es \u00e0 tes besoins.<\/p>\n\t\t\t\t<\/div>\n\t\t\t<\/div><\/div>\t\t\t\t<\/div>\n\t\t\t\t<\/div>\n\t\t<div class=\"elementor-element elementor-element-7797e56 e-transform e-flex e-con-boxed e-con e-child\" data-id=\"7797e56\" data-element_type=\"container\" data-settings=\"{&quot;background_background&quot;:&quot;classic&quot;,&quot;_transform_translateY_effect&quot;:{&quot;unit&quot;:&quot;px&quot;,&quot;size&quot;:50,&quot;sizes&quot;:[]},&quot;_transform_translateX_effect&quot;:{&quot;unit&quot;:&quot;px&quot;,&quot;size&quot;:&quot;&quot;,&quot;sizes&quot;:[]},&quot;_transform_translateX_effect_laptop&quot;:{&quot;unit&quot;:&quot;px&quot;,&quot;size&quot;:&quot;&quot;,&quot;sizes&quot;:[]},&quot;_transform_translateX_effect_tablet_extra&quot;:{&quot;unit&quot;:&quot;px&quot;,&quot;size&quot;:&quot;&quot;,&quot;sizes&quot;:[]},&quot;_transform_translateX_effect_tablet&quot;:{&quot;unit&quot;:&quot;px&quot;,&quot;size&quot;:&quot;&quot;,&quot;sizes&quot;:[]},&quot;_transform_translateX_effect_mobile_extra&quot;:{&quot;unit&quot;:&quot;px&quot;,&quot;size&quot;:&quot;&quot;,&quot;sizes&quot;:[]},&quot;_transform_translateX_effect_mobile&quot;:{&quot;unit&quot;:&quot;px&quot;,&quot;size&quot;:&quot;&quot;,&quot;sizes&quot;:[]},&quot;_transform_translateY_effect_laptop&quot;:{&quot;unit&quot;:&quot;px&quot;,&quot;size&quot;:&quot;&quot;,&quot;sizes&quot;:[]},&quot;_transform_translateY_effect_tablet_extra&quot;:{&quot;unit&quot;:&quot;px&quot;,&quot;size&quot;:&quot;&quot;,&quot;sizes&quot;:[]},&quot;_transform_translateY_effect_tablet&quot;:{&quot;unit&quot;:&quot;px&quot;,&quot;size&quot;:&quot;&quot;,&quot;sizes&quot;:[]},&quot;_transform_translateY_effect_mobile_extra&quot;:{&quot;unit&quot;:&quot;px&quot;,&quot;size&quot;:&quot;&quot;,&quot;sizes&quot;:[]},&quot;_transform_translateY_effect_mobile&quot;:{&quot;unit&quot;:&quot;px&quot;,&quot;size&quot;:&quot;&quot;,&quot;sizes&quot;:[]}}\">\n\t\t\t\t\t<div class=\"e-con-inner\">\n\t\t\t\t<div class=\"elementor-element elementor-element-ae3f1f8 ekit-equal-height-disable elementor-widget elementor-widget-elementskit-icon-box\" data-id=\"ae3f1f8\" data-element_type=\"widget\" data-widget_type=\"elementskit-icon-box.default\">\n\t\t\t\t\t<div class=\"ekit-wid-con\" >        <!-- link opening -->\n                <a href=\"https:\/\/asgs.dare-solutions.com\/fr\/regions\/ouest\/\" class=\"ekit_global_links\">\n                <!-- end link opening -->\n\n        <div class=\"elementskit-infobox text-center text- icon-top-align elementor-animation-\">\n                    <div class=\"elementskit-box-header elementor-animation-\">\n                <div class=\"elementskit-info-box-icon\">\n                    <svg aria-hidden=\"true\" class=\"elementkit-infobox-icon e-font-icon-svg e-fas-arrow-left\" viewbox=\"0 0 448 512\" xmlns=\"http:\/\/www.w3.org\/2000\/svg\"><path d=\"M257.5 445.1l-22.2 22.2c-9.4 9.4-24.6 9.4-33.9 0L7 273c-9.4-9.4-9.4-24.6 0-33.9L201.4 44.7c9.4-9.4 24.6-9.4 33.9 0l22.2 22.2c9.5 9.5 9.3 25-.4 34.3L136.6 216H424c13.3 0 24 10.7 24 24v32c0 13.3-10.7 24-24 24H136.6l120.5 114.8c9.8 9.3 10 24.8.4 34.3z\"><\/path><\/svg>\n                <\/div>\n          <\/div>\n                        <div class=\"box-body\">\n                            <h3 class=\"elementskit-info-box-title\">\n                    Ouest                <\/h3>\n                                            <\/div>\n        \n        \n                <\/div>\n                <\/a>\n        <\/div>\t\t\t\t<\/div>\n\t\t\t\t<div class=\"elementor-element elementor-element-5f1e116 ekit-equal-height-disable elementor-widget elementor-widget-elementskit-icon-box\" data-id=\"5f1e116\" data-element_type=\"widget\" data-widget_type=\"elementskit-icon-box.default\">\n\t\t\t\t\t<div class=\"ekit-wid-con\" >        <!-- link opening -->\n                <a href=\"https:\/\/asgs.dare-solutions.com\/fr\/regions\/est\/\" class=\"ekit_global_links\">\n                <!-- end link opening -->\n\n        <div class=\"elementskit-infobox text-center text- icon-top-align elementor-animation-\">\n                    <div class=\"elementskit-box-header elementor-animation-\">\n                <div class=\"elementskit-info-box-icon\">\n                    <svg aria-hidden=\"true\" class=\"elementkit-infobox-icon e-font-icon-svg e-fas-arrow-right\" viewbox=\"0 0 448 512\" xmlns=\"http:\/\/www.w3.org\/2000\/svg\"><path d=\"M190.5 66.9l22.2-22.2c9.4-9.4 24.6-9.4 33.9 0L441 239c9.4 9.4 9.4 24.6 0 33.9L246.6 467.3c-9.4 9.4-24.6 9.4-33.9 0l-22.2-22.2c-9.5-9.5-9.3-25 .4-34.3L311.4 296H24c-13.3 0-24-10.7-24-24v-32c0-13.3 10.7-24 24-24h287.4L190.9 101.2c-9.8-9.3-10-24.8-.4-34.3z\"><\/path><\/svg>\n                <\/div>\n          <\/div>\n                        <div class=\"box-body\">\n                            <h3 class=\"elementskit-info-box-title\">\n                    Est                <\/h3>\n                                            <\/div>\n        \n        \n                <\/div>\n                <\/a>\n        <\/div>\t\t\t\t<\/div>\n\t\t\t\t<div class=\"elementor-element elementor-element-6ff4ed6 ekit-equal-height-disable elementor-widget elementor-widget-elementskit-icon-box\" data-id=\"6ff4ed6\" data-element_type=\"widget\" data-widget_type=\"elementskit-icon-box.default\">\n\t\t\t\t\t<div class=\"ekit-wid-con\" >        <!-- link opening -->\n                <a href=\"https:\/\/asgs.dare-solutions.com\/fr\/regions\/sud\/\" class=\"ekit_global_links\">\n                <!-- end link opening -->\n\n        <div class=\"elementskit-infobox text-center text- icon-top-align elementor-animation-\">\n                    <div class=\"elementskit-box-header elementor-animation-\">\n                <div class=\"elementskit-info-box-icon\">\n                    <svg aria-hidden=\"true\" class=\"elementkit-infobox-icon e-font-icon-svg e-fas-arrow-down\" viewbox=\"0 0 448 512\" xmlns=\"http:\/\/www.w3.org\/2000\/svg\"><path d=\"M413.1 222.5l22.2 22.2c9.4 9.4 9.4 24.6 0 33.9L241 473c-9.4 9.4-24.6 9.4-33.9 0L12.7 278.6c-9.4-9.4-9.4-24.6 0-33.9l22.2-22.2c9.5-9.5 25-9.3 34.3.4L184 343.4V56c0-13.3 10.7-24 24-24h32c13.3 0 24 10.7 24 24v287.4l114.8-120.5c9.3-9.8 24.8-10 34.3-.4z\"><\/path><\/svg>\n                <\/div>\n          <\/div>\n                        <div class=\"box-body\">\n                            <h3 class=\"elementskit-info-box-title\">\n                    Sud                <\/h3>\n                                            <\/div>\n        \n        \n                <\/div>\n                <\/a>\n        <\/div>\t\t\t\t<\/div>\n\t\t\t\t<div class=\"elementor-element elementor-element-24064dc ekit-equal-height-disable elementor-widget elementor-widget-elementskit-icon-box\" data-id=\"24064dc\" data-element_type=\"widget\" data-widget_type=\"elementskit-icon-box.default\">\n\t\t\t\t\t<div class=\"ekit-wid-con\" >        <!-- link opening -->\n                <a href=\"https:\/\/asgs.dare-solutions.com\/fr\/regions\/central\/\" class=\"ekit_global_links\">\n                <!-- end link opening -->\n\n        <div class=\"elementskit-infobox text-center text- icon-top-align elementor-animation-\">\n                    <div class=\"elementskit-box-header elementor-animation-\">\n                <div class=\"elementskit-info-box-icon\">\n                    <svg aria-hidden=\"true\" class=\"elementkit-infobox-icon e-font-icon-svg e-fas-compress-arrows-alt\" viewbox=\"0 0 512 512\" xmlns=\"http:\/\/www.w3.org\/2000\/svg\"><path d=\"M200 288H88c-21.4 0-32.1 25.8-17 41l32.9 31-99.2 99.3c-6.2 6.2-6.2 16.4 0 22.6l25.4 25.4c6.2 6.2 16.4 6.2 22.6 0L152 408l31.1 33c15.1 15.1 40.9 4.4 40.9-17V312c0-13.3-10.7-24-24-24zm112-64h112c21.4 0 32.1-25.9 17-41l-33-31 99.3-99.3c6.2-6.2 6.2-16.4 0-22.6L481.9 4.7c-6.2-6.2-16.4-6.2-22.6 0L360 104l-31.1-33C313.8 55.9 288 66.6 288 88v112c0 13.3 10.7 24 24 24zm96 136l33-31.1c15.1-15.1 4.4-40.9-17-40.9H312c-13.3 0-24 10.7-24 24v112c0 21.4 25.9 32.1 41 17l31-32.9 99.3 99.3c6.2 6.2 16.4 6.2 22.6 0l25.4-25.4c6.2-6.2 6.2-16.4 0-22.6L408 360zM183 71.1L152 104 52.7 4.7c-6.2-6.2-16.4-6.2-22.6 0L4.7 30.1c-6.2 6.2-6.2 16.4 0 22.6L104 152l-33 31.1C55.9 198.2 66.6 224 88 224h112c13.3 0 24-10.7 24-24V88c0-21.3-25.9-32-41-16.9z\"><\/path><\/svg>\n                <\/div>\n          <\/div>\n                        <div class=\"box-body\">\n                            <h3 class=\"elementskit-info-box-title\">\n                    Centre                <\/h3>\n                                            <\/div>\n        \n        \n                <\/div>\n                <\/a>\n        <\/div>\t\t\t\t<\/div>\n\t\t\t\t\t<\/div>\n\t\t\t\t<\/div>\n\t\t\t\t\t<\/div>\n\t\t\t\t<\/div>\n\t\t<div class=\"elementor-element elementor-element-113d9e4 e-flex e-con-boxed e-con e-parent\" data-id=\"113d9e4\" data-element_type=\"container\" data-settings=\"{&quot;background_background&quot;:&quot;classic&quot;}\">\n\t\t\t\t\t<div class=\"e-con-inner\">\n\t\t\t\t\t<\/div>\n\t\t\t\t<\/div>\n\t\t\t\t<\/div>","protected":false},"excerpt":{"rendered":"<p>Regionen Vier Regionen \u2013 eine Leidenschaft: Golf Die ASGS verbindet Golferinnen und Golfer in der ganzen Schweiz. In unseren vier Regionen \u2013 Ost, S\u00fcd, West und Zentral\u00a0\u2013 treffen sich Gleichgesinnte zu Turnieren, Freundschaften und unvergesslichen Erlebnissen. Jede Region hat ihren eigenen Charakter, eigene Turniere und besondere Stimmungen \u2013 und doch geh\u00f6ren alle zu einer grossen [&hellip;]<\/p>\n","protected":false},"author":2,"featured_media":0,"parent":625,"menu_order":0,"comment_status":"closed","ping_status":"closed","template":"","meta":{"footnotes":""},"class_list":["post-692","page","type-page","status-publish","hentry"],"yoast_head":"<!-- This site is optimized with the Yoast SEO plugin v27.1.1 - https:\/\/yoast.com\/product\/yoast-seo-wordpress\/ -->\n<title>Regionen - ASGS Home<\/title>\n<meta name=\"robots\" content=\"noindex, follow, max-snippet:-1, max-image-preview:large, max-video-preview:-1\" \/>\n<meta property=\"og:locale\" content=\"fr_FR\" \/>\n<meta property=\"og:type\" content=\"article\" \/>\n<meta property=\"og:title\" content=\"Regionen - ASGS Home\" \/>\n<meta property=\"og:description\" content=\"Regionen Vier Regionen \u2013 eine Leidenschaft: Golf Die ASGS verbindet Golferinnen und Golfer in der ganzen Schweiz. In unseren vier Regionen \u2013 Ost, S\u00fcd, West und Zentral\u00a0\u2013 treffen sich Gleichgesinnte zu Turnieren, Freundschaften und unvergesslichen Erlebnissen. Jede Region hat ihren eigenen Charakter, eigene Turniere und besondere Stimmungen \u2013 und doch geh\u00f6ren alle zu einer grossen [&hellip;]\" \/>\n<meta property=\"og:url\" content=\"https:\/\/asgs.dare-solutions.com\/fr\/a-propos-de-nous\/regions\/\" \/>\n<meta property=\"og:site_name\" content=\"ASGS Home\" \/>\n<meta property=\"article:modified_time\" content=\"2026-03-11T10:16:32+00:00\" \/>\n<meta name=\"twitter:card\" content=\"summary_large_image\" \/>\n<meta name=\"twitter:label1\" content=\"Dur\u00e9e de lecture estim\u00e9e\" \/>\n\t<meta name=\"twitter:data1\" content=\"1 minute\" \/>\n<script type=\"application\/ld+json\" class=\"yoast-schema-graph\">{\"@context\":\"https:\/\/schema.org\",\"@graph\":[{\"@type\":\"WebPage\",\"@id\":\"https:\/\/asgs.dare-solutions.com\/ueber-uns\/regionen\/\",\"url\":\"https:\/\/asgs.dare-solutions.com\/ueber-uns\/regionen\/\",\"name\":\"Regionen - ASGS Home\",\"isPartOf\":{\"@id\":\"https:\/\/asgs.dare-solutions.com\/#website\"},\"datePublished\":\"2025-11-02T14:25:55+00:00\",\"dateModified\":\"2026-03-11T10:16:32+00:00\",\"breadcrumb\":{\"@id\":\"https:\/\/asgs.dare-solutions.com\/ueber-uns\/regionen\/#breadcrumb\"},\"inLanguage\":\"fr-FR\",\"potentialAction\":[{\"@type\":\"ReadAction\",\"target\":[\"https:\/\/asgs.dare-solutions.com\/ueber-uns\/regionen\/\"]}]},{\"@type\":\"BreadcrumbList\",\"@id\":\"https:\/\/asgs.dare-solutions.com\/ueber-uns\/regionen\/#breadcrumb\",\"itemListElement\":[{\"@type\":\"ListItem\",\"position\":1,\"name\":\"Startseite\",\"item\":\"https:\/\/asgs.dare-solutions.com\/\"},{\"@type\":\"ListItem\",\"position\":2,\"name\":\"\u00dcber uns\",\"item\":\"https:\/\/asgs.dare-solutions.com\/ueber-uns\/\"},{\"@type\":\"ListItem\",\"position\":3,\"name\":\"Regionen\"}]},{\"@type\":\"WebSite\",\"@id\":\"https:\/\/asgs.dare-solutions.com\/#website\",\"url\":\"https:\/\/asgs.dare-solutions.com\/\",\"name\":\"ASGS HOME\",\"description\":\"Golf mit Freunden\",\"publisher\":{\"@id\":\"https:\/\/asgs.dare-solutions.com\/#organization\"},\"potentialAction\":[{\"@type\":\"SearchAction\",\"target\":{\"@type\":\"EntryPoint\",\"urlTemplate\":\"https:\/\/asgs.dare-solutions.com\/?s={search_term_string}\"},\"query-input\":{\"@type\":\"PropertyValueSpecification\",\"valueRequired\":true,\"valueName\":\"search_term_string\"}}],\"inLanguage\":\"fr-FR\"},{\"@type\":\"Organization\",\"@id\":\"https:\/\/asgs.dare-solutions.com\/#organization\",\"name\":\"ASGS HOME\",\"url\":\"https:\/\/asgs.dare-solutions.com\/\",\"logo\":{\"@type\":\"ImageObject\",\"inLanguage\":\"fr-FR\",\"@id\":\"https:\/\/asgs.dare-solutions.com\/#\/schema\/logo\/image\/\",\"url\":\"https:\/\/asgs.dare-solutions.com\/wp-content\/uploads\/2025\/11\/cropped-ASGS-Logo-neu-01.jpg\",\"contentUrl\":\"https:\/\/asgs.dare-solutions.com\/wp-content\/uploads\/2025\/11\/cropped-ASGS-Logo-neu-01.jpg\",\"width\":512,\"height\":512,\"caption\":\"ASGS HOME\"},\"image\":{\"@id\":\"https:\/\/asgs.dare-solutions.com\/#\/schema\/logo\/image\/\"}}]}<\/script>\n<!-- \/ Yoast SEO plugin. -->","yoast_head_json":{"title":"R\u00e9gions - ASGS Home","robots":{"index":"noindex","follow":"follow","max-snippet":"max-snippet:-1","max-image-preview":"max-image-preview:large","max-video-preview":"max-video-preview:-1"},"og_locale":"fr_FR","og_type":"article","og_title":"Regionen - ASGS Home","og_description":"Regionen Vier Regionen \u2013 eine Leidenschaft: Golf Die ASGS verbindet Golferinnen und Golfer in der ganzen Schweiz. In unseren vier Regionen \u2013 Ost, S\u00fcd, West und Zentral\u00a0\u2013 treffen sich Gleichgesinnte zu Turnieren, Freundschaften und unvergesslichen Erlebnissen. Jede Region hat ihren eigenen Charakter, eigene Turniere und besondere Stimmungen \u2013 und doch geh\u00f6ren alle zu einer grossen [&hellip;]","og_url":"https:\/\/asgs.dare-solutions.com\/fr\/a-propos-de-nous\/regions\/","og_site_name":"ASGS Home","article_modified_time":"2026-03-11T10:16:32+00:00","twitter_card":"summary_large_image","twitter_misc":{"Dur\u00e9e de lecture estim\u00e9e":"1 minute"},"schema":{"@context":"https:\/\/schema.org","@graph":[{"@type":"WebPage","@id":"https:\/\/asgs.dare-solutions.com\/ueber-uns\/regionen\/","url":"https:\/\/asgs.dare-solutions.com\/ueber-uns\/regionen\/","name":"R\u00e9gions - ASGS Home","isPartOf":{"@id":"https:\/\/asgs.dare-solutions.com\/#website"},"datePublished":"2025-11-02T14:25:55+00:00","dateModified":"2026-03-11T10:16:32+00:00","breadcrumb":{"@id":"https:\/\/asgs.dare-solutions.com\/ueber-uns\/regionen\/#breadcrumb"},"inLanguage":"fr-FR","potentialAction":[{"@type":"ReadAction","target":["https:\/\/asgs.dare-solutions.com\/ueber-uns\/regionen\/"]}]},{"@type":"BreadcrumbList","@id":"https:\/\/asgs.dare-solutions.com\/ueber-uns\/regionen\/#breadcrumb","itemListElement":[{"@type":"ListItem","position":1,"name":"Startseite","item":"https:\/\/asgs.dare-solutions.com\/"},{"@type":"ListItem","position":2,"name":"\u00dcber uns","item":"https:\/\/asgs.dare-solutions.com\/ueber-uns\/"},{"@type":"ListItem","position":3,"name":"Regionen"}]},{"@type":"WebSite","@id":"https:\/\/asgs.dare-solutions.com\/#website","url":"https:\/\/asgs.dare-solutions.com\/","name":"ASGS HOME","description":"Le golf avec des amis","publisher":{"@id":"https:\/\/asgs.dare-solutions.com\/#organization"},"potentialAction":[{"@type":"SearchAction","target":{"@type":"EntryPoint","urlTemplate":"https:\/\/asgs.dare-solutions.com\/?s={search_term_string}"},"query-input":{"@type":"PropertyValueSpecification","valueRequired":true,"valueName":"search_term_string"}}],"inLanguage":"fr-FR"},{"@type":"Organization","@id":"https:\/\/asgs.dare-solutions.com\/#organization","name":"ASGS HOME","url":"https:\/\/asgs.dare-solutions.com\/","logo":{"@type":"ImageObject","inLanguage":"fr-FR","@id":"https:\/\/asgs.dare-solutions.com\/#\/schema\/logo\/image\/","url":"https:\/\/asgs.dare-solutions.com\/wp-content\/uploads\/2025\/11\/cropped-ASGS-Logo-neu-01.jpg","contentUrl":"https:\/\/asgs.dare-solutions.com\/wp-content\/uploads\/2025\/11\/cropped-ASGS-Logo-neu-01.jpg","width":512,"height":512,"caption":"ASGS HOME"},"image":{"@id":"https:\/\/asgs.dare-solutions.com\/#\/schema\/logo\/image\/"}}]}},"_links":{"self":[{"href":"https:\/\/asgs.dare-solutions.com\/fr\/wp-json\/wp\/v2\/pages\/692","targetHints":{"allow":["GET"]}}],"collection":[{"href":"https:\/\/asgs.dare-solutions.com\/fr\/wp-json\/wp\/v2\/pages"}],"about":[{"href":"https:\/\/asgs.dare-solutions.com\/fr\/wp-json\/wp\/v2\/types\/page"}],"author":[{"embeddable":true,"href":"https:\/\/asgs.dare-solutions.com\/fr\/wp-json\/wp\/v2\/users\/2"}],"replies":[{"embeddable":true,"href":"https:\/\/asgs.dare-solutions.com\/fr\/wp-json\/wp\/v2\/comments?post=692"}],"version-history":[{"count":79,"href":"https:\/\/asgs.dare-solutions.com\/fr\/wp-json\/wp\/v2\/pages\/692\/revisions"}],"predecessor-version":[{"id":6962,"href":"https:\/\/asgs.dare-solutions.com\/fr\/wp-json\/wp\/v2\/pages\/692\/revisions\/6962"}],"up":[{"embeddable":true,"href":"https:\/\/asgs.dare-solutions.com\/fr\/wp-json\/wp\/v2\/pages\/625"}],"wp:attachment":[{"href":"https:\/\/asgs.dare-solutions.com\/fr\/wp-json\/wp\/v2\/media?parent=692"}],"curies":[{"name":"wp","href":"https:\/\/api.w.org\/{rel}","templated":true}]}}