{"id":6720,"date":"2026-03-02T14:36:15","date_gmt":"2026-03-02T13:36:15","guid":{"rendered":"https:\/\/asgs.dare-solutions.com\/?page_id=6720"},"modified":"2026-03-11T10:29:54","modified_gmt":"2026-03-11T09:29:54","slug":"central","status":"publish","type":"page","link":"https:\/\/asgs.dare-solutions.com\/fr\/ueber-uns\/regionen\/zentral\/","title":{"rendered":"R\u00e9gion centrale"},"content":{"rendered":"<div data-elementor-type=\"wp-page\" data-elementor-id=\"6720\" class=\"elementor elementor-6720\" data-elementor-post-type=\"page\">\n\t\t\t\t<div class=\"elementor-element elementor-element-e8bb41f e-flex e-con-boxed e-con e-parent\" data-id=\"e8bb41f\" data-element_type=\"container\" data-settings=\"{&quot;background_background&quot;:&quot;classic&quot;}\">\n\t\t\t\t\t<div class=\"e-con-inner\">\n\t\t<div class=\"elementor-element elementor-element-4a301df e-con-full e-flex e-con e-child\" data-id=\"4a301df\" data-element_type=\"container\">\n\t\t<div class=\"elementor-element elementor-element-f11582b e-con-full e-flex e-con e-child\" data-id=\"f11582b\" data-element_type=\"container\">\n\t\t\t\t<div class=\"elementor-element elementor-element-0620f81 elementor-widget elementor-widget-heading\" data-id=\"0620f81\" data-element_type=\"widget\" data-widget_type=\"heading.default\">\n\t\t\t\t\t<h1 class=\"elementor-heading-title elementor-size-default\">COMIT\u00c9 R\u00c9GIONAL (central)<\/h1>\t\t\t\t<\/div>\n\t\t\t\t<\/div>\n\t\t<div class=\"elementor-element elementor-element-4c1303c e-con-full e-flex e-con e-child\" data-id=\"4c1303c\" data-element_type=\"container\" data-settings=\"{&quot;background_background&quot;:&quot;classic&quot;}\">\n\t\t<div class=\"elementor-element elementor-element-106d8da e-con-full e-flex elementor-invisible e-con e-child\" data-id=\"106d8da\" data-element_type=\"container\" data-settings=\"{&quot;background_background&quot;:&quot;classic&quot;,&quot;animation&quot;:&quot;pulse&quot;}\">\n\t\t\t\t<div class=\"elementor-element elementor-element-ef9c574 elementor-widget elementor-widget-heading\" data-id=\"ef9c574\" data-element_type=\"widget\" data-widget_type=\"heading.default\">\n\t\t\t\t\t<h3 class=\"elementor-heading-title elementor-size-default\">Heinz Rubi<\/h3>\t\t\t\t<\/div>\n\t\t\t\t<div class=\"elementor-element elementor-element-9b9f1bd elementor-widget elementor-widget-heading\" data-id=\"9b9f1bd\" data-element_type=\"widget\" data-widget_type=\"heading.default\">\n\t\t\t\t\t<h3 class=\"elementor-heading-title elementor-size-default\">Capitaine r\u00e9gional<\/h3>\t\t\t\t<\/div>\n\t\t\t\t<div class=\"elementor-element elementor-element-133bcda elementor-align-center elementor-icon-list--layout-traditional elementor-list-item-link-full_width elementor-widget elementor-widget-icon-list\" data-id=\"133bcda\" data-element_type=\"widget\" data-widget_type=\"icon-list.default\">\n\t\t\t\t\t\t\t<ul class=\"elementor-icon-list-items\">\n\t\t\t\t\t\t\t<li class=\"elementor-icon-list-item\">\n\t\t\t\t\t\t\t\t\t\t\t<a href=\"tel:+41796390539\">\n\n\t\t\t\t\t\t\t\t\t\t\t\t<span class=\"elementor-icon-list-icon\">\n\t\t\t\t\t\t\t<svg aria-hidden=\"true\" class=\"e-font-icon-svg e-fas-phone-alt\" viewbox=\"0 0 512 512\" xmlns=\"http:\/\/www.w3.org\/2000\/svg\"><path d=\"M497.39 361.8l-112-48a24 24 0 0 0-28 6.9l-49.6 60.6A370.66 370.66 0 0 1 130.6 204.11l60.6-49.6a23.94 23.94 0 0 0 6.9-28l-48-112A24.16 24.16 0 0 0 122.6.61l-104 24A24 24 0 0 0 0 48c0 256.5 207.9 464 464 464a24 24 0 0 0 23.4-18.6l24-104a24.29 24.29 0 0 0-14.01-27.6z\"><\/path><\/svg>\t\t\t\t\t\t<\/span>\n\t\t\t\t\t\t\t\t\t\t<span class=\"elementor-icon-list-text\">+41 79 639 05 39<\/span>\n\t\t\t\t\t\t\t\t\t\t\t<\/a>\n\t\t\t\t\t\t\t\t\t<\/li>\n\t\t\t\t\t\t\t\t<li class=\"elementor-icon-list-item\">\n\t\t\t\t\t\t\t\t\t\t\t<a href=\"mailto:rubi@ASGS.ch\">\n\n\t\t\t\t\t\t\t\t\t\t\t\t<span class=\"elementor-icon-list-icon\">\n\t\t\t\t\t\t\t<i aria-hidden=\"true\" class=\"icon icon-email\"><\/i>\t\t\t\t\t\t<\/span>\n\t\t\t\t\t\t\t\t\t\t<span class=\"elementor-icon-list-text\">rubi@asgs.ch<\/span>\n\t\t\t\t\t\t\t\t\t\t\t<\/a>\n\t\t\t\t\t\t\t\t\t<\/li>\n\t\t\t\t\t\t<\/ul>\n\t\t\t\t\t\t<\/div>\n\t\t\t\t<\/div>\n\t\t\t\t<\/div>\n\t\t<div class=\"elementor-element elementor-element-926dbfb e-con-full e-flex e-con e-child\" data-id=\"926dbfb\" data-element_type=\"container\" data-settings=\"{&quot;background_background&quot;:&quot;classic&quot;}\">\n\t\t<div class=\"elementor-element elementor-element-a9b5dbb e-con-full e-flex elementor-invisible e-con e-child\" data-id=\"a9b5dbb\" data-element_type=\"container\" data-settings=\"{&quot;background_background&quot;:&quot;classic&quot;,&quot;animation&quot;:&quot;pulse&quot;}\">\n\t\t\t\t<div class=\"elementor-element elementor-element-bbb39ba elementor-widget elementor-widget-heading\" data-id=\"bbb39ba\" data-element_type=\"widget\" data-widget_type=\"heading.default\">\n\t\t\t\t\t<h3 class=\"elementor-heading-title elementor-size-default\">Peter Fankhauser<\/h3>\t\t\t\t<\/div>\n\t\t\t\t<div class=\"elementor-element elementor-element-b8de9ad elementor-widget elementor-widget-heading\" data-id=\"b8de9ad\" data-element_type=\"widget\" data-widget_type=\"heading.default\">\n\t\t\t\t\t<h3 class=\"elementor-heading-title elementor-size-default\">Vice-capitaine r\u00e9gional<\/h3>\t\t\t\t<\/div>\n\t\t\t\t<div class=\"elementor-element elementor-element-bc4905b elementor-align-center elementor-icon-list--layout-traditional elementor-list-item-link-full_width elementor-widget elementor-widget-icon-list\" data-id=\"bc4905b\" data-element_type=\"widget\" data-widget_type=\"icon-list.default\">\n\t\t\t\t\t\t\t<ul class=\"elementor-icon-list-items\">\n\t\t\t\t\t\t\t<li class=\"elementor-icon-list-item\">\n\t\t\t\t\t\t\t\t\t\t\t<a href=\"tel:+41793329442\">\n\n\t\t\t\t\t\t\t\t\t\t\t\t<span class=\"elementor-icon-list-icon\">\n\t\t\t\t\t\t\t<svg aria-hidden=\"true\" class=\"e-font-icon-svg e-fas-phone-alt\" viewbox=\"0 0 512 512\" xmlns=\"http:\/\/www.w3.org\/2000\/svg\"><path d=\"M497.39 361.8l-112-48a24 24 0 0 0-28 6.9l-49.6 60.6A370.66 370.66 0 0 1 130.6 204.11l60.6-49.6a23.94 23.94 0 0 0 6.9-28l-48-112A24.16 24.16 0 0 0 122.6.61l-104 24A24 24 0 0 0 0 48c0 256.5 207.9 464 464 464a24 24 0 0 0 23.4-18.6l24-104a24.29 24.29 0 0 0-14.01-27.6z\"><\/path><\/svg>\t\t\t\t\t\t<\/span>\n\t\t\t\t\t\t\t\t\t\t<span class=\"elementor-icon-list-text\">+41 79 332 94 42<\/span>\n\t\t\t\t\t\t\t\t\t\t\t<\/a>\n\t\t\t\t\t\t\t\t\t<\/li>\n\t\t\t\t\t\t\t\t<li class=\"elementor-icon-list-item\">\n\t\t\t\t\t\t\t\t\t\t\t<a href=\"mailto:p.fankhauser@peterfankhauser.ch\">\n\n\t\t\t\t\t\t\t\t\t\t\t\t<span class=\"elementor-icon-list-icon\">\n\t\t\t\t\t\t\t<i aria-hidden=\"true\" class=\"icon icon-email\"><\/i>\t\t\t\t\t\t<\/span>\n\t\t\t\t\t\t\t\t\t\t<span class=\"elementor-icon-list-text\">p.fankhauser@peterfankhauser.ch<\/span>\n\t\t\t\t\t\t\t\t\t\t\t<\/a>\n\t\t\t\t\t\t\t\t\t<\/li>\n\t\t\t\t\t\t<\/ul>\n\t\t\t\t\t\t<\/div>\n\t\t\t\t<\/div>\n\t\t\t\t<\/div>\n\t\t<div class=\"elementor-element elementor-element-6491cea e-con-full e-flex e-con e-child\" data-id=\"6491cea\" data-element_type=\"container\" data-settings=\"{&quot;background_background&quot;:&quot;classic&quot;}\">\n\t\t<div class=\"elementor-element elementor-element-7a50664 e-con-full e-flex elementor-invisible e-con e-child\" data-id=\"7a50664\" data-element_type=\"container\" data-settings=\"{&quot;background_background&quot;:&quot;classic&quot;,&quot;animation&quot;:&quot;pulse&quot;}\">\n\t\t\t\t<div class=\"elementor-element elementor-element-56fc13c elementor-widget elementor-widget-heading\" data-id=\"56fc13c\" data-element_type=\"widget\" data-widget_type=\"heading.default\">\n\t\t\t\t\t<h3 class=\"elementor-heading-title elementor-size-default\">Eric Tschirren<\/h3>\t\t\t\t<\/div>\n\t\t\t\t<div class=\"elementor-element elementor-element-1679a0e elementor-widget elementor-widget-heading\" data-id=\"1679a0e\" data-element_type=\"widget\" data-widget_type=\"heading.default\">\n\t\t\t\t\t<h3 class=\"elementor-heading-title elementor-size-default\">Finances<\/h3>\t\t\t\t<\/div>\n\t\t\t\t<div class=\"elementor-element elementor-element-b6ade65 elementor-align-center elementor-icon-list--layout-traditional elementor-list-item-link-full_width elementor-widget elementor-widget-icon-list\" data-id=\"b6ade65\" data-element_type=\"widget\" data-widget_type=\"icon-list.default\">\n\t\t\t\t\t\t\t<ul class=\"elementor-icon-list-items\">\n\t\t\t\t\t\t\t<li class=\"elementor-icon-list-item\">\n\t\t\t\t\t\t\t\t\t\t\t<a href=\"tel:+41795104107\">\n\n\t\t\t\t\t\t\t\t\t\t\t\t<span class=\"elementor-icon-list-icon\">\n\t\t\t\t\t\t\t<svg aria-hidden=\"true\" class=\"e-font-icon-svg e-fas-phone-alt\" viewbox=\"0 0 512 512\" xmlns=\"http:\/\/www.w3.org\/2000\/svg\"><path d=\"M497.39 361.8l-112-48a24 24 0 0 0-28 6.9l-49.6 60.6A370.66 370.66 0 0 1 130.6 204.11l60.6-49.6a23.94 23.94 0 0 0 6.9-28l-48-112A24.16 24.16 0 0 0 122.6.61l-104 24A24 24 0 0 0 0 48c0 256.5 207.9 464 464 464a24 24 0 0 0 23.4-18.6l24-104a24.29 24.29 0 0 0-14.01-27.6z\"><\/path><\/svg>\t\t\t\t\t\t<\/span>\n\t\t\t\t\t\t\t\t\t\t<span class=\"elementor-icon-list-text\">+41 79 510 41 07<\/span>\n\t\t\t\t\t\t\t\t\t\t\t<\/a>\n\t\t\t\t\t\t\t\t\t<\/li>\n\t\t\t\t\t\t\t\t<li class=\"elementor-icon-list-item\">\n\t\t\t\t\t\t\t\t\t\t\t<a href=\"mailto:tschirren44@gmx.ch\">\n\n\t\t\t\t\t\t\t\t\t\t\t\t<span class=\"elementor-icon-list-icon\">\n\t\t\t\t\t\t\t<i aria-hidden=\"true\" class=\"icon icon-email\"><\/i>\t\t\t\t\t\t<\/span>\n\t\t\t\t\t\t\t\t\t\t<span class=\"elementor-icon-list-text\">tschirren44@gmx.ch<\/span>\n\t\t\t\t\t\t\t\t\t\t\t<\/a>\n\t\t\t\t\t\t\t\t\t<\/li>\n\t\t\t\t\t\t<\/ul>\n\t\t\t\t\t\t<\/div>\n\t\t\t\t<\/div>\n\t\t\t\t<\/div>\n\t\t\t\t<\/div>\n\t\t\t\t\t<\/div>\n\t\t\t\t<\/div>\n\t\t\t\t<\/div>","protected":false},"excerpt":{"rendered":"<p>COMIT\u00c9 R\u00c9GIONAL (central) Heinz Rubi capitaine r\u00e9gional +41 79 639 05 39 rubi@asgs.ch Peter Fankhauser vice-capitaine r\u00e9gional +41 79 332 94 42 p.fankhauser@peterfankhauser.ch Eric Tschirren finances +41 79 510 41 07 tschirren44@gmx.ch<\/p>","protected":false},"author":2,"featured_media":0,"parent":692,"menu_order":0,"comment_status":"closed","ping_status":"closed","template":"","meta":{"footnotes":""},"class_list":["post-6720","page","type-page","status-publish","hentry"],"yoast_head":"<!-- This site is optimized with the Yoast SEO plugin v27.1.1 - https:\/\/yoast.com\/product\/yoast-seo-wordpress\/ -->\n<title>Region Zentral - ASGS Home<\/title>\n<meta name=\"robots\" content=\"noindex, follow, max-snippet:-1, max-image-preview:large, max-video-preview:-1\" \/>\n<meta property=\"og:locale\" content=\"fr_FR\" \/>\n<meta property=\"og:type\" content=\"article\" \/>\n<meta property=\"og:title\" content=\"Region Zentral - ASGS Home\" \/>\n<meta property=\"og:description\" content=\"REGIONALVORSTAND (Zentral) Heinz Rubi Regionalcaptain +41 79 639 05 39 rubi@asgs.ch Peter Fankhauser Vize Regionalcaptain +41 79 332 94 42 p.fankhauser@peterfankhauser.ch Eric Tschirren Finanzen +41 79 510 41 07 tschirren44@gmx.ch\" \/>\n<meta property=\"og:url\" content=\"https:\/\/asgs.dare-solutions.com\/fr\/a-propos-de-nous\/regions\/central\/\" \/>\n<meta property=\"og:site_name\" content=\"ASGS Home\" \/>\n<meta property=\"article:modified_time\" content=\"2026-03-11T09:29:54+00:00\" \/>\n<meta name=\"twitter:card\" content=\"summary_large_image\" \/>\n<meta name=\"twitter:label1\" content=\"Dur\u00e9e de lecture estim\u00e9e\" \/>\n\t<meta name=\"twitter:data1\" content=\"1 minute\" \/>\n<script type=\"application\/ld+json\" class=\"yoast-schema-graph\">{\"@context\":\"https:\/\/schema.org\",\"@graph\":[{\"@type\":\"WebPage\",\"@id\":\"https:\/\/asgs.dare-solutions.com\/ueber-uns\/regionen\/zentral\/\",\"url\":\"https:\/\/asgs.dare-solutions.com\/ueber-uns\/regionen\/zentral\/\",\"name\":\"Region Zentral - ASGS Home\",\"isPartOf\":{\"@id\":\"https:\/\/asgs.dare-solutions.com\/#website\"},\"datePublished\":\"2026-03-02T13:36:15+00:00\",\"dateModified\":\"2026-03-11T09:29:54+00:00\",\"breadcrumb\":{\"@id\":\"https:\/\/asgs.dare-solutions.com\/ueber-uns\/regionen\/zentral\/#breadcrumb\"},\"inLanguage\":\"fr-FR\",\"potentialAction\":[{\"@type\":\"ReadAction\",\"target\":[\"https:\/\/asgs.dare-solutions.com\/ueber-uns\/regionen\/zentral\/\"]}]},{\"@type\":\"BreadcrumbList\",\"@id\":\"https:\/\/asgs.dare-solutions.com\/ueber-uns\/regionen\/zentral\/#breadcrumb\",\"itemListElement\":[{\"@type\":\"ListItem\",\"position\":1,\"name\":\"Startseite\",\"item\":\"https:\/\/asgs.dare-solutions.com\/\"},{\"@type\":\"ListItem\",\"position\":2,\"name\":\"\u00dcber uns\",\"item\":\"https:\/\/asgs.dare-solutions.com\/ueber-uns\/\"},{\"@type\":\"ListItem\",\"position\":3,\"name\":\"Regionen\",\"item\":\"https:\/\/asgs.dare-solutions.com\/ueber-uns\/regionen\/\"},{\"@type\":\"ListItem\",\"position\":4,\"name\":\"Region Zentral\"}]},{\"@type\":\"WebSite\",\"@id\":\"https:\/\/asgs.dare-solutions.com\/#website\",\"url\":\"https:\/\/asgs.dare-solutions.com\/\",\"name\":\"ASGS HOME\",\"description\":\"Golf mit Freunden\",\"publisher\":{\"@id\":\"https:\/\/asgs.dare-solutions.com\/#organization\"},\"potentialAction\":[{\"@type\":\"SearchAction\",\"target\":{\"@type\":\"EntryPoint\",\"urlTemplate\":\"https:\/\/asgs.dare-solutions.com\/?s={search_term_string}\"},\"query-input\":{\"@type\":\"PropertyValueSpecification\",\"valueRequired\":true,\"valueName\":\"search_term_string\"}}],\"inLanguage\":\"fr-FR\"},{\"@type\":\"Organization\",\"@id\":\"https:\/\/asgs.dare-solutions.com\/#organization\",\"name\":\"ASGS HOME\",\"url\":\"https:\/\/asgs.dare-solutions.com\/\",\"logo\":{\"@type\":\"ImageObject\",\"inLanguage\":\"fr-FR\",\"@id\":\"https:\/\/asgs.dare-solutions.com\/#\/schema\/logo\/image\/\",\"url\":\"https:\/\/asgs.dare-solutions.com\/wp-content\/uploads\/2025\/11\/cropped-ASGS-Logo-neu-01.jpg\",\"contentUrl\":\"https:\/\/asgs.dare-solutions.com\/wp-content\/uploads\/2025\/11\/cropped-ASGS-Logo-neu-01.jpg\",\"width\":512,\"height\":512,\"caption\":\"ASGS HOME\"},\"image\":{\"@id\":\"https:\/\/asgs.dare-solutions.com\/#\/schema\/logo\/image\/\"}}]}<\/script>\n<!-- \/ Yoast SEO plugin. -->","yoast_head_json":{"title":"R\u00e9gion Centre - ASGS Home","robots":{"index":"noindex","follow":"follow","max-snippet":"max-snippet:-1","max-image-preview":"max-image-preview:large","max-video-preview":"max-video-preview:-1"},"og_locale":"fr_FR","og_type":"article","og_title":"Region Zentral - ASGS Home","og_description":"REGIONALVORSTAND (Zentral) Heinz Rubi Regionalcaptain +41 79 639 05 39 rubi@asgs.ch Peter Fankhauser Vize Regionalcaptain +41 79 332 94 42 p.fankhauser@peterfankhauser.ch Eric Tschirren Finanzen +41 79 510 41 07 tschirren44@gmx.ch","og_url":"https:\/\/asgs.dare-solutions.com\/fr\/a-propos-de-nous\/regions\/central\/","og_site_name":"ASGS Home","article_modified_time":"2026-03-11T09:29:54+00:00","twitter_card":"summary_large_image","twitter_misc":{"Dur\u00e9e de lecture estim\u00e9e":"1 minute"},"schema":{"@context":"https:\/\/schema.org","@graph":[{"@type":"WebPage","@id":"https:\/\/asgs.dare-solutions.com\/ueber-uns\/regionen\/zentral\/","url":"https:\/\/asgs.dare-solutions.com\/ueber-uns\/regionen\/zentral\/","name":"R\u00e9gion Centre - ASGS Home","isPartOf":{"@id":"https:\/\/asgs.dare-solutions.com\/#website"},"datePublished":"2026-03-02T13:36:15+00:00","dateModified":"2026-03-11T09:29:54+00:00","breadcrumb":{"@id":"https:\/\/asgs.dare-solutions.com\/ueber-uns\/regionen\/zentral\/#breadcrumb"},"inLanguage":"fr-FR","potentialAction":[{"@type":"ReadAction","target":["https:\/\/asgs.dare-solutions.com\/ueber-uns\/regionen\/zentral\/"]}]},{"@type":"BreadcrumbList","@id":"https:\/\/asgs.dare-solutions.com\/ueber-uns\/regionen\/zentral\/#breadcrumb","itemListElement":[{"@type":"ListItem","position":1,"name":"Startseite","item":"https:\/\/asgs.dare-solutions.com\/"},{"@type":"ListItem","position":2,"name":"\u00dcber uns","item":"https:\/\/asgs.dare-solutions.com\/ueber-uns\/"},{"@type":"ListItem","position":3,"name":"Regionen","item":"https:\/\/asgs.dare-solutions.com\/ueber-uns\/regionen\/"},{"@type":"ListItem","position":4,"name":"Region Zentral"}]},{"@type":"WebSite","@id":"https:\/\/asgs.dare-solutions.com\/#website","url":"https:\/\/asgs.dare-solutions.com\/","name":"ASGS HOME","description":"Le golf avec des amis","publisher":{"@id":"https:\/\/asgs.dare-solutions.com\/#organization"},"potentialAction":[{"@type":"SearchAction","target":{"@type":"EntryPoint","urlTemplate":"https:\/\/asgs.dare-solutions.com\/?s={search_term_string}"},"query-input":{"@type":"PropertyValueSpecification","valueRequired":true,"valueName":"search_term_string"}}],"inLanguage":"fr-FR"},{"@type":"Organization","@id":"https:\/\/asgs.dare-solutions.com\/#organization","name":"ASGS HOME","url":"https:\/\/asgs.dare-solutions.com\/","logo":{"@type":"ImageObject","inLanguage":"fr-FR","@id":"https:\/\/asgs.dare-solutions.com\/#\/schema\/logo\/image\/","url":"https:\/\/asgs.dare-solutions.com\/wp-content\/uploads\/2025\/11\/cropped-ASGS-Logo-neu-01.jpg","contentUrl":"https:\/\/asgs.dare-solutions.com\/wp-content\/uploads\/2025\/11\/cropped-ASGS-Logo-neu-01.jpg","width":512,"height":512,"caption":"ASGS HOME"},"image":{"@id":"https:\/\/asgs.dare-solutions.com\/#\/schema\/logo\/image\/"}}]}},"_links":{"self":[{"href":"https:\/\/asgs.dare-solutions.com\/fr\/wp-json\/wp\/v2\/pages\/6720","targetHints":{"allow":["GET"]}}],"collection":[{"href":"https:\/\/asgs.dare-solutions.com\/fr\/wp-json\/wp\/v2\/pages"}],"about":[{"href":"https:\/\/asgs.dare-solutions.com\/fr\/wp-json\/wp\/v2\/types\/page"}],"author":[{"embeddable":true,"href":"https:\/\/asgs.dare-solutions.com\/fr\/wp-json\/wp\/v2\/users\/2"}],"replies":[{"embeddable":true,"href":"https:\/\/asgs.dare-solutions.com\/fr\/wp-json\/wp\/v2\/comments?post=6720"}],"version-history":[{"count":28,"href":"https:\/\/asgs.dare-solutions.com\/fr\/wp-json\/wp\/v2\/pages\/6720\/revisions"}],"predecessor-version":[{"id":6950,"href":"https:\/\/asgs.dare-solutions.com\/fr\/wp-json\/wp\/v2\/pages\/6720\/revisions\/6950"}],"up":[{"embeddable":true,"href":"https:\/\/asgs.dare-solutions.com\/fr\/wp-json\/wp\/v2\/pages\/692"}],"wp:attachment":[{"href":"https:\/\/asgs.dare-solutions.com\/fr\/wp-json\/wp\/v2\/media?parent=6720"}],"curies":[{"name":"wp","href":"https:\/\/api.w.org\/{rel}","templated":true}]}}