{"id":6053,"date":"2026-02-16T16:17:52","date_gmt":"2026-02-16T15:17:52","guid":{"rendered":"https:\/\/asgs.dare-solutions.com\/?page_id=6053"},"modified":"2026-02-16T17:09:44","modified_gmt":"2026-02-16T16:09:44","slug":"news","status":"publish","type":"page","link":"https:\/\/asgs.dare-solutions.com\/fr\/news\/","title":{"rendered":"Nouvelles"},"content":{"rendered":"<div data-elementor-type=\"wp-page\" data-elementor-id=\"6053\" class=\"elementor elementor-6053\" data-elementor-post-type=\"page\">\n\t\t\t\t<div class=\"elementor-element elementor-element-5ab3381b e-flex e-con-boxed e-con e-parent\" data-id=\"5ab3381b\" data-element_type=\"container\" data-settings=\"{&quot;background_background&quot;:&quot;classic&quot;,&quot;animation&quot;:&quot;none&quot;}\">\n\t\t\t\t\t<div class=\"e-con-inner\">\n\t\t<div class=\"elementor-element elementor-element-77792e94 e-con-full e-flex e-con e-child\" data-id=\"77792e94\" data-element_type=\"container\">\n\t\t<div class=\"elementor-element elementor-element-193a823c e-con-full e-flex e-con e-child\" data-id=\"193a823c\" data-element_type=\"container\">\n\t\t<div class=\"elementor-element elementor-element-1bbbb635 e-con-full animated-slow e-flex e-con e-child\" data-id=\"1bbbb635\" data-element_type=\"container\" data-settings=\"{&quot;animation&quot;:&quot;none&quot;}\">\n\t\t\t\t<div class=\"elementor-element elementor-element-793bb41b elementor-widget__width-initial elementor-widget elementor-widget-heading\" data-id=\"793bb41b\" data-element_type=\"widget\" data-settings=\"{&quot;_animation&quot;:&quot;none&quot;}\" data-widget_type=\"heading.default\">\n\t\t\t\t\t<h1 class=\"elementor-heading-title elementor-size-default\">Nouvelles<\/h1>\t\t\t\t<\/div>\n\t\t\t\t<\/div>\n\t\t\t\t<\/div>\n\t\t<div class=\"elementor-element elementor-element-731def49 e-con-full e-flex e-con e-child\" data-id=\"731def49\" data-element_type=\"container\">\n\t\t<div class=\"elementor-element elementor-element-4b8c6db e-con-full e-flex e-con e-child\" data-id=\"4b8c6db\" data-element_type=\"container\">\n\t\t<div class=\"elementor-element elementor-element-52a9a4d e-con-full animated-slow e-flex e-con e-child\" data-id=\"52a9a4d\" data-element_type=\"container\" data-settings=\"{&quot;background_background&quot;:&quot;classic&quot;,&quot;animation&quot;:&quot;none&quot;,&quot;animation_delay&quot;:900}\">\n\t\t<div class=\"elementor-element elementor-element-28657a6 e-con-full e-flex e-con e-child\" data-id=\"28657a6\" data-element_type=\"container\">\n\t\t\t\t<div class=\"elementor-element elementor-element-528eb65 elementor-align-right elementor-widget elementor-widget-button\" data-id=\"528eb65\" data-element_type=\"widget\" data-widget_type=\"button.default\">\n\t\t\t\t\t\t\t\t\t\t<a class=\"elementor-button elementor-button-link elementor-size-sm\" href=\"https:\/\/asgs.dare-solutions.com\/fr\/espace-membres\/bulletins-dinformation\/\">\n\t\t\t\t\t\t<span class=\"elementor-button-content-wrapper\">\n\t\t\t\t\t\t<span class=\"elementor-button-icon\">\n\t\t\t\t<svg aria-hidden=\"true\" class=\"e-font-icon-svg e-fas-arrow-right\" viewbox=\"0 0 448 512\" xmlns=\"http:\/\/www.w3.org\/2000\/svg\"><path d=\"M190.5 66.9l22.2-22.2c9.4-9.4 24.6-9.4 33.9 0L441 239c9.4 9.4 9.4 24.6 0 33.9L246.6 467.3c-9.4 9.4-24.6 9.4-33.9 0l-22.2-22.2c-9.5-9.5-9.3-25 .4-34.3L311.4 296H24c-13.3 0-24-10.7-24-24v-32c0-13.3 10.7-24 24-24h287.4L190.9 101.2c-9.8-9.3-10-24.8-.4-34.3z\"><\/path><\/svg>\t\t\t<\/span>\n\t\t\t\t\t\t\t\t<\/span>\n\t\t\t\t\t<\/a>\n\t\t\t\t\t\t\t\t<\/div>\n\t\t\t\t<\/div>\n\t\t<div class=\"elementor-element elementor-element-d879d94 e-con-full e-flex e-con e-child\" data-id=\"d879d94\" data-element_type=\"container\">\n\t\t\t\t<div class=\"elementor-element elementor-element-f8f57ae elementor-widget elementor-widget-heading\" data-id=\"f8f57ae\" data-element_type=\"widget\" data-widget_type=\"heading.default\">\n\t\t\t\t\t<h2 class=\"elementor-heading-title elementor-size-default\">Newsletter<\/h2>\t\t\t\t<\/div>\n\t\t\t\t<div class=\"elementor-element elementor-element-1fcc527 elementor-widget elementor-widget-text-editor\" data-id=\"1fcc527\" data-element_type=\"widget\" data-widget_type=\"text-editor.default\">\n\t\t\t\t\t\t\t\t\t<p>Toutes les newsletters actuelles et plus anciennes en un coup d'\u0153il.<\/p>\t\t\t\t\t\t\t\t<\/div>\n\t\t\t\t<\/div>\n\t\t\t\t<\/div>\n\t\t<div class=\"elementor-element elementor-element-f6b7202 e-con-full animated-slow e-flex e-con e-child\" data-id=\"f6b7202\" data-element_type=\"container\" data-settings=\"{&quot;background_background&quot;:&quot;classic&quot;,&quot;animation_delay&quot;:900,&quot;animation&quot;:&quot;none&quot;}\">\n\t\t\t\t<div class=\"elementor-element elementor-element-fc08272 elementor-widget__width-inherit elementor-widget elementor-widget-text-editor\" data-id=\"fc08272\" data-element_type=\"widget\" data-widget_type=\"text-editor.default\">\n\t\t\t\t\t\t\t\t\t<p>Les derni\u00e8res nouvelles de l'ASGS : newsletters r\u00e9gionales et nationales et rapports de tournois.<\/p><p>Avec des exp\u00e9riences de terrain :<br \/>souvent instructive, rarement glorieuse.<\/p>\t\t\t\t\t\t\t\t<\/div>\n\t\t\t\t<\/div>\n\t\t<div class=\"elementor-element elementor-element-39fc529 e-con-full animated-slow e-flex e-con e-child\" data-id=\"39fc529\" data-element_type=\"container\" data-settings=\"{&quot;background_background&quot;:&quot;classic&quot;,&quot;animation&quot;:&quot;none&quot;,&quot;animation_delay&quot;:900}\">\n\t\t<div class=\"elementor-element elementor-element-f934589 e-con-full e-flex e-con e-child\" data-id=\"f934589\" data-element_type=\"container\">\n\t\t\t\t<div class=\"elementor-element elementor-element-997d18b elementor-align-right elementor-widget elementor-widget-button\" data-id=\"997d18b\" data-element_type=\"widget\" data-widget_type=\"button.default\">\n\t\t\t\t\t\t\t\t\t\t<a class=\"elementor-button elementor-button-link elementor-size-sm\" href=\"https:\/\/asgs.dare-solutions.com\/fr\/espace-membres\/assemblee-des-delegues\/\">\n\t\t\t\t\t\t<span class=\"elementor-button-content-wrapper\">\n\t\t\t\t\t\t<span class=\"elementor-button-icon\">\n\t\t\t\t<svg aria-hidden=\"true\" class=\"e-font-icon-svg e-fas-arrow-right\" viewbox=\"0 0 448 512\" xmlns=\"http:\/\/www.w3.org\/2000\/svg\"><path d=\"M190.5 66.9l22.2-22.2c9.4-9.4 24.6-9.4 33.9 0L441 239c9.4 9.4 9.4 24.6 0 33.9L246.6 467.3c-9.4 9.4-24.6 9.4-33.9 0l-22.2-22.2c-9.5-9.5-9.3-25 .4-34.3L311.4 296H24c-13.3 0-24-10.7-24-24v-32c0-13.3 10.7-24 24-24h287.4L190.9 101.2c-9.8-9.3-10-24.8-.4-34.3z\"><\/path><\/svg>\t\t\t<\/span>\n\t\t\t\t\t\t\t\t<\/span>\n\t\t\t\t\t<\/a>\n\t\t\t\t\t\t\t\t<\/div>\n\t\t\t\t<\/div>\n\t\t<div class=\"elementor-element elementor-element-bec02da e-con-full e-flex e-con e-child\" data-id=\"bec02da\" data-element_type=\"container\">\n\t\t\t\t<div class=\"elementor-element elementor-element-fec6728 elementor-widget elementor-widget-heading\" data-id=\"fec6728\" data-element_type=\"widget\" data-widget_type=\"heading.default\">\n\t\t\t\t\t<h2 class=\"elementor-heading-title elementor-size-default\">Rapports de tournois<\/h2>\t\t\t\t<\/div>\n\t\t\t\t<div class=\"elementor-element elementor-element-5816b43 elementor-widget elementor-widget-text-editor\" data-id=\"5816b43\" data-element_type=\"widget\" data-widget_type=\"text-editor.default\">\n\t\t\t\t\t\t\t\t\t<p>De belles images et des histoires amusantes autour de nos tournois.<\/p>\t\t\t\t\t\t\t\t<\/div>\n\t\t\t\t<\/div>\n\t\t\t\t<\/div>\n\t\t\t\t<\/div>\n\t\t\t\t<\/div>\n\t\t\t\t<\/div>\n\t\t\t\t\t<\/div>\n\t\t\t\t<\/div>\n\t\t\t\t<\/div>","protected":false},"excerpt":{"rendered":"<p>News Newsletters Toutes les newsletters actuelles et plus anciennes en un coup d'\u0153il. Les derni\u00e8res nouvelles de l'ASGS : newsletters r\u00e9gionales et nationales et rapports de tournois. Avec des exp\u00e9riences sur le terrain:souvent instructives, rarement glorieuses. Rapports de tournois De belles images et des histoires amusantes sur nos tournois.<\/p>","protected":false},"author":2,"featured_media":0,"parent":0,"menu_order":0,"comment_status":"open","ping_status":"closed","template":"","meta":{"footnotes":""},"class_list":["post-6053","page","type-page","status-publish","hentry"],"yoast_head":"<!-- This site is optimized with the Yoast SEO plugin v27.1.1 - https:\/\/yoast.com\/product\/yoast-seo-wordpress\/ -->\n<title>News - ASGS Home<\/title>\n<meta name=\"robots\" content=\"noindex, follow, max-snippet:-1, max-image-preview:large, max-video-preview:-1\" \/>\n<meta property=\"og:locale\" content=\"fr_FR\" \/>\n<meta property=\"og:type\" content=\"article\" \/>\n<meta property=\"og:title\" content=\"News - ASGS Home\" \/>\n<meta property=\"og:description\" content=\"News Newsletters Alle aktuellen und \u00e4lteren Newsletters auf einen Blick. Das Neuste von der ASGS: Regionale und nationale Newsletters und Turnierberichte. Mit Erlebnissen vom Platz:oft lehrreich, selten glorreich. Turnierberichte Sch\u00f6ne Bilder und lustige Geschichten rund um unsere Turniere.\" \/>\n<meta property=\"og:url\" content=\"https:\/\/asgs.dare-solutions.com\/fr\/news\/\" \/>\n<meta property=\"og:site_name\" content=\"ASGS Home\" \/>\n<meta property=\"article:modified_time\" content=\"2026-02-16T16:09:44+00:00\" \/>\n<meta name=\"twitter:card\" content=\"summary_large_image\" \/>\n<meta name=\"twitter:label1\" content=\"Dur\u00e9e de lecture estim\u00e9e\" \/>\n\t<meta name=\"twitter:data1\" content=\"1 minute\" \/>\n<script type=\"application\/ld+json\" class=\"yoast-schema-graph\">{\"@context\":\"https:\/\/schema.org\",\"@graph\":[{\"@type\":\"WebPage\",\"@id\":\"https:\/\/asgs.dare-solutions.com\/news\/\",\"url\":\"https:\/\/asgs.dare-solutions.com\/news\/\",\"name\":\"News - ASGS Home\",\"isPartOf\":{\"@id\":\"https:\/\/asgs.dare-solutions.com\/#website\"},\"datePublished\":\"2026-02-16T15:17:52+00:00\",\"dateModified\":\"2026-02-16T16:09:44+00:00\",\"breadcrumb\":{\"@id\":\"https:\/\/asgs.dare-solutions.com\/news\/#breadcrumb\"},\"inLanguage\":\"fr-FR\",\"potentialAction\":[{\"@type\":\"ReadAction\",\"target\":[\"https:\/\/asgs.dare-solutions.com\/news\/\"]}]},{\"@type\":\"BreadcrumbList\",\"@id\":\"https:\/\/asgs.dare-solutions.com\/news\/#breadcrumb\",\"itemListElement\":[{\"@type\":\"ListItem\",\"position\":1,\"name\":\"Startseite\",\"item\":\"https:\/\/asgs.dare-solutions.com\/\"},{\"@type\":\"ListItem\",\"position\":2,\"name\":\"News\"}]},{\"@type\":\"WebSite\",\"@id\":\"https:\/\/asgs.dare-solutions.com\/#website\",\"url\":\"https:\/\/asgs.dare-solutions.com\/\",\"name\":\"ASGS HOME\",\"description\":\"Golf mit Freunden\",\"publisher\":{\"@id\":\"https:\/\/asgs.dare-solutions.com\/#organization\"},\"potentialAction\":[{\"@type\":\"SearchAction\",\"target\":{\"@type\":\"EntryPoint\",\"urlTemplate\":\"https:\/\/asgs.dare-solutions.com\/?s={search_term_string}\"},\"query-input\":{\"@type\":\"PropertyValueSpecification\",\"valueRequired\":true,\"valueName\":\"search_term_string\"}}],\"inLanguage\":\"fr-FR\"},{\"@type\":\"Organization\",\"@id\":\"https:\/\/asgs.dare-solutions.com\/#organization\",\"name\":\"ASGS HOME\",\"url\":\"https:\/\/asgs.dare-solutions.com\/\",\"logo\":{\"@type\":\"ImageObject\",\"inLanguage\":\"fr-FR\",\"@id\":\"https:\/\/asgs.dare-solutions.com\/#\/schema\/logo\/image\/\",\"url\":\"https:\/\/asgs.dare-solutions.com\/wp-content\/uploads\/2025\/11\/cropped-ASGS-Logo-neu-01.jpg\",\"contentUrl\":\"https:\/\/asgs.dare-solutions.com\/wp-content\/uploads\/2025\/11\/cropped-ASGS-Logo-neu-01.jpg\",\"width\":512,\"height\":512,\"caption\":\"ASGS HOME\"},\"image\":{\"@id\":\"https:\/\/asgs.dare-solutions.com\/#\/schema\/logo\/image\/\"}}]}<\/script>\n<!-- \/ Yoast SEO plugin. -->","yoast_head_json":{"title":"Actualit\u00e9s - ASGS Home","robots":{"index":"noindex","follow":"follow","max-snippet":"max-snippet:-1","max-image-preview":"max-image-preview:large","max-video-preview":"max-video-preview:-1"},"og_locale":"fr_FR","og_type":"article","og_title":"News - ASGS Home","og_description":"News Newsletters Alle aktuellen und \u00e4lteren Newsletters auf einen Blick. Das Neuste von der ASGS: Regionale und nationale Newsletters und Turnierberichte. Mit Erlebnissen vom Platz:oft lehrreich, selten glorreich. Turnierberichte Sch\u00f6ne Bilder und lustige Geschichten rund um unsere Turniere.","og_url":"https:\/\/asgs.dare-solutions.com\/fr\/news\/","og_site_name":"ASGS Home","article_modified_time":"2026-02-16T16:09:44+00:00","twitter_card":"summary_large_image","twitter_misc":{"Dur\u00e9e de lecture estim\u00e9e":"1 minute"},"schema":{"@context":"https:\/\/schema.org","@graph":[{"@type":"WebPage","@id":"https:\/\/asgs.dare-solutions.com\/news\/","url":"https:\/\/asgs.dare-solutions.com\/news\/","name":"Actualit\u00e9s - ASGS Home","isPartOf":{"@id":"https:\/\/asgs.dare-solutions.com\/#website"},"datePublished":"2026-02-16T15:17:52+00:00","dateModified":"2026-02-16T16:09:44+00:00","breadcrumb":{"@id":"https:\/\/asgs.dare-solutions.com\/news\/#breadcrumb"},"inLanguage":"fr-FR","potentialAction":[{"@type":"ReadAction","target":["https:\/\/asgs.dare-solutions.com\/news\/"]}]},{"@type":"BreadcrumbList","@id":"https:\/\/asgs.dare-solutions.com\/news\/#breadcrumb","itemListElement":[{"@type":"ListItem","position":1,"name":"Startseite","item":"https:\/\/asgs.dare-solutions.com\/"},{"@type":"ListItem","position":2,"name":"News"}]},{"@type":"WebSite","@id":"https:\/\/asgs.dare-solutions.com\/#website","url":"https:\/\/asgs.dare-solutions.com\/","name":"ASGS HOME","description":"Le golf avec des amis","publisher":{"@id":"https:\/\/asgs.dare-solutions.com\/#organization"},"potentialAction":[{"@type":"SearchAction","target":{"@type":"EntryPoint","urlTemplate":"https:\/\/asgs.dare-solutions.com\/?s={search_term_string}"},"query-input":{"@type":"PropertyValueSpecification","valueRequired":true,"valueName":"search_term_string"}}],"inLanguage":"fr-FR"},{"@type":"Organization","@id":"https:\/\/asgs.dare-solutions.com\/#organization","name":"ASGS HOME","url":"https:\/\/asgs.dare-solutions.com\/","logo":{"@type":"ImageObject","inLanguage":"fr-FR","@id":"https:\/\/asgs.dare-solutions.com\/#\/schema\/logo\/image\/","url":"https:\/\/asgs.dare-solutions.com\/wp-content\/uploads\/2025\/11\/cropped-ASGS-Logo-neu-01.jpg","contentUrl":"https:\/\/asgs.dare-solutions.com\/wp-content\/uploads\/2025\/11\/cropped-ASGS-Logo-neu-01.jpg","width":512,"height":512,"caption":"ASGS HOME"},"image":{"@id":"https:\/\/asgs.dare-solutions.com\/#\/schema\/logo\/image\/"}}]}},"_links":{"self":[{"href":"https:\/\/asgs.dare-solutions.com\/fr\/wp-json\/wp\/v2\/pages\/6053","targetHints":{"allow":["GET"]}}],"collection":[{"href":"https:\/\/asgs.dare-solutions.com\/fr\/wp-json\/wp\/v2\/pages"}],"about":[{"href":"https:\/\/asgs.dare-solutions.com\/fr\/wp-json\/wp\/v2\/types\/page"}],"author":[{"embeddable":true,"href":"https:\/\/asgs.dare-solutions.com\/fr\/wp-json\/wp\/v2\/users\/2"}],"replies":[{"embeddable":true,"href":"https:\/\/asgs.dare-solutions.com\/fr\/wp-json\/wp\/v2\/comments?post=6053"}],"version-history":[{"count":16,"href":"https:\/\/asgs.dare-solutions.com\/fr\/wp-json\/wp\/v2\/pages\/6053\/revisions"}],"predecessor-version":[{"id":6101,"href":"https:\/\/asgs.dare-solutions.com\/fr\/wp-json\/wp\/v2\/pages\/6053\/revisions\/6101"}],"wp:attachment":[{"href":"https:\/\/asgs.dare-solutions.com\/fr\/wp-json\/wp\/v2\/media?parent=6053"}],"curies":[{"name":"wp","href":"https:\/\/api.w.org\/{rel}","templated":true}]}}