{"id":369,"date":"2025-10-30T06:19:12","date_gmt":"2025-10-30T05:19:12","guid":{"rendered":"https:\/\/asgs.dare-solutions.com\/?page_id=369"},"modified":"2026-03-30T18:22:08","modified_gmt":"2026-03-30T16:22:08","slug":"sponsors-et-partenaires","status":"publish","type":"page","link":"https:\/\/asgs.dare-solutions.com\/fr\/sponsoren-und-partner\/","title":{"rendered":"Sponsors &amp; partenaires"},"content":{"rendered":"<div data-elementor-type=\"wp-page\" data-elementor-id=\"369\" class=\"elementor elementor-369\" data-elementor-post-type=\"page\">\n\t\t\t\t<div class=\"elementor-element elementor-element-ec018c9 e-flex e-con-boxed e-con e-parent\" data-id=\"ec018c9\" data-element_type=\"container\" data-settings=\"{&quot;background_background&quot;:&quot;classic&quot;}\">\n\t\t\t\t\t<div class=\"e-con-inner\">\n\t\t\t\t<div class=\"elementor-element elementor-element-5b72f59 elementor-widget elementor-widget-text-editor\" data-id=\"5b72f59\" data-element_type=\"widget\" data-widget_type=\"text-editor.default\">\n\t\t\t\t\t\t\t\t\t<p>Sponsors &amp; partenaires<\/p>\t\t\t\t\t\t\t\t<\/div>\n\t\t\t\t\t<\/div>\n\t\t\t\t<\/div>\n\t\t<div class=\"elementor-element elementor-element-a13aff3 e-flex e-con-boxed e-con e-parent\" data-id=\"a13aff3\" data-element_type=\"container\">\n\t\t\t\t\t<div class=\"e-con-inner\">\n\t\t<div class=\"elementor-element elementor-element-9434514 e-con-full e-flex e-con e-child\" data-id=\"9434514\" data-element_type=\"container\">\n\t\t\t\t<div class=\"elementor-element elementor-element-4438fb6 elementor-widget elementor-widget-image\" data-id=\"4438fb6\" data-element_type=\"widget\" data-widget_type=\"image.default\">\n\t\t\t\t\t\t\t\t\t\t\t\t\t\t\t\t<a href=\"https:\/\/www.schuler.ch\/fr\/asgs\" target=\"_blank\">\n\t\t\t\t\t\t\t<img fetchpriority=\"high\" decoding=\"async\" width=\"800\" height=\"334\" src=\"https:\/\/asgs.dare-solutions.com\/wp-content\/uploads\/2025\/12\/schuler-weine.webp\" class=\"attachment-large size-large wp-image-2501\" alt=\"\" srcset=\"https:\/\/asgs.dare-solutions.com\/wp-content\/uploads\/2025\/12\/schuler-weine.webp 1800w, https:\/\/asgs.dare-solutions.com\/wp-content\/uploads\/2025\/12\/schuler-weine-300x125.webp 300w, https:\/\/asgs.dare-solutions.com\/wp-content\/uploads\/2025\/12\/schuler-weine-1024x427.webp 1024w, https:\/\/asgs.dare-solutions.com\/wp-content\/uploads\/2025\/12\/schuler-weine-768x320.webp 768w, https:\/\/asgs.dare-solutions.com\/wp-content\/uploads\/2025\/12\/schuler-weine-1536x640.webp 1536w\" sizes=\"(max-width: 800px) 100vw, 800px\" \/>\t\t\t\t\t\t\t\t<\/a>\n\t\t\t\t\t\t\t\t\t\t\t\t\t\t\t<\/div>\n\t\t<div class=\"elementor-element elementor-element-fd4ca3c e-con-full e-flex e-con e-child\" data-id=\"fd4ca3c\" data-element_type=\"container\" data-settings=\"{&quot;background_background&quot;:&quot;classic&quot;}\">\n\t\t\t\t<div class=\"elementor-element elementor-element-e58a299 elementor-widget elementor-widget-heading\" data-id=\"e58a299\" data-element_type=\"widget\" data-widget_type=\"heading.default\">\n\t\t\t\t\t<h3 class=\"elementor-heading-title elementor-size-default\"><a href=\"https:\/\/www.schuler.ch\/fr\/asgs\" target=\"_blank\">Vins de Schuler<\/a><\/h3>\t\t\t\t<\/div>\n\t\t\t\t<div class=\"elementor-element elementor-element-77df191 elementor-widget elementor-widget-text-editor\" data-id=\"77df191\" data-element_type=\"widget\" data-widget_type=\"text-editor.default\">\n\t\t\t\t\t\t\t\t\t<p>Notre partenaire pour les vins est Schuler Weine. Les membres peuvent faire leurs achats avec 20% de r\u00e9duction.<\/p><p>En ligne et dans toutes les vinoth\u00e8ques Schuler.<br \/><br \/>Code de r\u00e9duction : ASGS-KES<\/p>\t\t\t\t\t\t\t\t<\/div>\n\t\t\t\t<div class=\"elementor-element elementor-element-921153a elementor-align-center elementor-widget elementor-widget-button\" data-id=\"921153a\" data-element_type=\"widget\" data-widget_type=\"button.default\">\n\t\t\t\t\t\t\t\t\t\t<a class=\"elementor-button elementor-button-link elementor-size-sm\" href=\"https:\/\/www.schuler.ch\/fr\/asgs\" target=\"_blank\">\n\t\t\t\t\t\t<span class=\"elementor-button-content-wrapper\">\n\t\t\t\t\t\t\t\t\t<span class=\"elementor-button-text\">vers la boutique Schuler Vins<\/span>\n\t\t\t\t\t<\/span>\n\t\t\t\t\t<\/a>\n\t\t\t\t\t\t\t\t<\/div>\n\t\t\t\t<\/div>\n\t\t\t\t<\/div>\n\t\t<div class=\"elementor-element elementor-element-5283dda e-con-full e-flex e-con e-child\" data-id=\"5283dda\" data-element_type=\"container\">\n\t\t\t\t<div class=\"elementor-element elementor-element-83a3ed8 elementor-widget elementor-widget-image\" data-id=\"83a3ed8\" data-element_type=\"widget\" data-widget_type=\"image.default\">\n\t\t\t\t\t\t\t\t\t\t\t\t\t\t\t\t<a href=\"https:\/\/citygolfshop.ch\/collections\/asgs-produkte\" target=\"_blank\">\n\t\t\t\t\t\t\t<img decoding=\"async\" width=\"800\" height=\"334\" src=\"https:\/\/asgs.dare-solutions.com\/wp-content\/uploads\/2025\/12\/golf-zubehoer-1024x427.webp\" class=\"attachment-large size-large wp-image-2490\" alt=\"\" srcset=\"https:\/\/asgs.dare-solutions.com\/wp-content\/uploads\/2025\/12\/golf-zubehoer-1024x427.webp 1024w, https:\/\/asgs.dare-solutions.com\/wp-content\/uploads\/2025\/12\/golf-zubehoer-300x125.webp 300w, https:\/\/asgs.dare-solutions.com\/wp-content\/uploads\/2025\/12\/golf-zubehoer-768x320.webp 768w, https:\/\/asgs.dare-solutions.com\/wp-content\/uploads\/2025\/12\/golf-zubehoer-1536x640.webp 1536w, https:\/\/asgs.dare-solutions.com\/wp-content\/uploads\/2025\/12\/golf-zubehoer.webp 1800w\" sizes=\"(max-width: 800px) 100vw, 800px\" \/>\t\t\t\t\t\t\t\t<\/a>\n\t\t\t\t\t\t\t\t\t\t\t\t\t\t\t<\/div>\n\t\t<div class=\"elementor-element elementor-element-1df4130 e-con-full e-flex e-con e-child\" data-id=\"1df4130\" data-element_type=\"container\" data-settings=\"{&quot;background_background&quot;:&quot;classic&quot;}\">\n\t\t\t\t<div class=\"elementor-element elementor-element-2f3da88 elementor-widget elementor-widget-heading\" data-id=\"2f3da88\" data-element_type=\"widget\" data-widget_type=\"heading.default\">\n\t\t\t\t\t<h3 class=\"elementor-heading-title elementor-size-default\"><a href=\"#elementor-action%3Aaction%3Dpopup%3Aopen%26settings%3DeyJpZCI6IjczNDMiLCJ0b2dnbGUiOmZhbHNlfQ%3D%3D\" target=\"_blank\">City Golf Shop by Andrej K\u00fcbli<br \/>\n(Boutique pour les articles du logo ASGS)<\/a><\/h3>\t\t\t\t<\/div>\n\t\t\t\t<div class=\"elementor-element elementor-element-e3286d2 elementor-widget elementor-widget-text-editor\" data-id=\"e3286d2\" data-element_type=\"widget\" data-widget_type=\"text-editor.default\">\n\t\t\t\t\t\t\t\t\t<p>Notre partenaire pour les articles de golf est \u201eCity Golf Shop by Andrej K\u00fcbli\u201c. Prix sp\u00e9ciaux pour les membres<\/p><p>Les deals sp\u00e9ciaux et les articles avec le logo ASGS sont exclus.<\/p><p>Code de r\u00e9duction : ASGSMEM2026<\/p>\t\t\t\t\t\t\t\t<\/div>\n\t\t\t\t<div class=\"elementor-element elementor-element-ed4a3e0 elementor-widget elementor-widget-button\" data-id=\"ed4a3e0\" data-element_type=\"widget\" data-widget_type=\"button.default\">\n\t\t\t\t\t\t\t\t\t\t<a class=\"elementor-button elementor-button-link elementor-size-sm\" href=\"#elementor-action%3Aaction%3Dpopup%3Aopen%26settings%3DeyJpZCI6IjczNDMiLCJ0b2dnbGUiOmZhbHNlfQ%3D%3D\" target=\"_blank\">\n\t\t\t\t\t\t<span class=\"elementor-button-content-wrapper\">\n\t\t\t\t\t\t\t\t\t<span class=\"elementor-button-text\">vers la boutique City Golf<\/span>\n\t\t\t\t\t<\/span>\n\t\t\t\t\t<\/a>\n\t\t\t\t\t\t\t\t<\/div>\n\t\t\t\t<\/div>\n\t\t\t\t<\/div>\n\t\t\t\t\t<\/div>\n\t\t\t\t<\/div>\n\t\t<div class=\"elementor-element elementor-element-00dd582 e-flex e-con-boxed e-con e-parent\" data-id=\"00dd582\" data-element_type=\"container\">\n\t\t\t\t\t<div class=\"e-con-inner\">\n\t\t\t\t<div class=\"elementor-element elementor-element-714d0fe elementor-widget-tablet__width-initial elementor-widget__width-inherit elementor-widget elementor-widget-text-editor\" data-id=\"714d0fe\" data-element_type=\"widget\" data-widget_type=\"text-editor.default\">\n\t\t\t\t\t\t\t\t\t<p style=\"text-align: center;\"><br \/>Tu peux commander des cravates et des badges ASGS par email ici : <a href=\"mailto:Office@ASGS.ch\">Office@ASGS.ch<\/a><\/p>\t\t\t\t\t\t\t\t<\/div>\n\t\t\t\t\t<\/div>\n\t\t\t\t<\/div>\n\t\t\t\t<\/div>","protected":false},"excerpt":{"rendered":"<p>Sponsoren &amp; Partner Schuler Weine Unser Partner f\u00fcr Weine ist Schuler Weine. Mitglieder k\u00f6nnen mit 20% Rabatt einkaufen. Online und in allen Schuler Vinotheken. Rabattcode: ASGS-KES zum Schuler Weine Shop City Golf Shop by Andrej K\u00fcbli (Shop f\u00fcr ASGS Logo-Artikel) Unser Partner f\u00fcr Golfartikel ist &#8222;City Golf Shop by Andrej K\u00fcbli&#8220;. Sonderpreisen f\u00fcr Mitglieder Spezialdeals [&hellip;]<\/p>\n","protected":false},"author":2,"featured_media":0,"parent":0,"menu_order":0,"comment_status":"closed","ping_status":"closed","template":"","meta":{"footnotes":""},"class_list":["post-369","page","type-page","status-publish","hentry"],"yoast_head":"<!-- This site is optimized with the Yoast SEO plugin v27.1.1 - https:\/\/yoast.com\/product\/yoast-seo-wordpress\/ -->\n<title>Sponsoren &amp; Partner - ASGS Home<\/title>\n<meta name=\"robots\" content=\"noindex, follow, max-snippet:-1, max-image-preview:large, max-video-preview:-1\" \/>\n<meta property=\"og:locale\" content=\"fr_FR\" \/>\n<meta property=\"og:type\" content=\"article\" \/>\n<meta property=\"og:title\" content=\"Sponsoren &amp; Partner - ASGS Home\" \/>\n<meta property=\"og:description\" content=\"Sponsoren &amp; Partner Schuler Weine Unser Partner f\u00fcr Weine ist Schuler Weine. Mitglieder k\u00f6nnen mit 20% Rabatt einkaufen. Online und in allen Schuler Vinotheken. Rabattcode: ASGS-KES zum Schuler Weine Shop City Golf Shop by Andrej K\u00fcbli (Shop f\u00fcr ASGS Logo-Artikel) Unser Partner f\u00fcr Golfartikel ist &#8222;City Golf Shop by Andrej K\u00fcbli&#8220;. Sonderpreisen f\u00fcr Mitglieder Spezialdeals [&hellip;]\" \/>\n<meta property=\"og:url\" content=\"https:\/\/asgs.dare-solutions.com\/fr\/sponsors-et-partenaires\/\" \/>\n<meta property=\"og:site_name\" content=\"ASGS Home\" \/>\n<meta property=\"article:modified_time\" content=\"2026-03-30T16:22:08+00:00\" \/>\n<meta property=\"og:image\" content=\"https:\/\/asgs.dare-solutions.com\/wp-content\/uploads\/2025\/12\/schuler-weine.webp\" \/>\n\t<meta property=\"og:image:width\" content=\"1800\" \/>\n\t<meta property=\"og:image:height\" content=\"750\" \/>\n\t<meta property=\"og:image:type\" content=\"image\/webp\" \/>\n<meta name=\"twitter:card\" content=\"summary_large_image\" \/>\n<meta name=\"twitter:label1\" content=\"Dur\u00e9e de lecture estim\u00e9e\" \/>\n\t<meta name=\"twitter:data1\" content=\"1 minute\" \/>\n<script type=\"application\/ld+json\" class=\"yoast-schema-graph\">{\"@context\":\"https:\/\/schema.org\",\"@graph\":[{\"@type\":\"WebPage\",\"@id\":\"https:\/\/asgs.dare-solutions.com\/sponsoren-und-partner\/\",\"url\":\"https:\/\/asgs.dare-solutions.com\/sponsoren-und-partner\/\",\"name\":\"Sponsoren &amp; Partner - ASGS Home\",\"isPartOf\":{\"@id\":\"https:\/\/asgs.dare-solutions.com\/#website\"},\"primaryImageOfPage\":{\"@id\":\"https:\/\/asgs.dare-solutions.com\/sponsoren-und-partner\/#primaryimage\"},\"image\":{\"@id\":\"https:\/\/asgs.dare-solutions.com\/sponsoren-und-partner\/#primaryimage\"},\"thumbnailUrl\":\"https:\/\/asgs.dare-solutions.com\/wp-content\/uploads\/2025\/12\/schuler-weine-1024x427.webp\",\"datePublished\":\"2025-10-30T05:19:12+00:00\",\"dateModified\":\"2026-03-30T16:22:08+00:00\",\"breadcrumb\":{\"@id\":\"https:\/\/asgs.dare-solutions.com\/sponsoren-und-partner\/#breadcrumb\"},\"inLanguage\":\"fr-FR\",\"potentialAction\":[{\"@type\":\"ReadAction\",\"target\":[\"https:\/\/asgs.dare-solutions.com\/sponsoren-und-partner\/\"]}]},{\"@type\":\"ImageObject\",\"inLanguage\":\"fr-FR\",\"@id\":\"https:\/\/asgs.dare-solutions.com\/sponsoren-und-partner\/#primaryimage\",\"url\":\"https:\/\/asgs.dare-solutions.com\/wp-content\/uploads\/2025\/12\/schuler-weine-1024x427.webp\",\"contentUrl\":\"https:\/\/asgs.dare-solutions.com\/wp-content\/uploads\/2025\/12\/schuler-weine-1024x427.webp\"},{\"@type\":\"BreadcrumbList\",\"@id\":\"https:\/\/asgs.dare-solutions.com\/sponsoren-und-partner\/#breadcrumb\",\"itemListElement\":[{\"@type\":\"ListItem\",\"position\":1,\"name\":\"Startseite\",\"item\":\"https:\/\/asgs.dare-solutions.com\/\"},{\"@type\":\"ListItem\",\"position\":2,\"name\":\"Sponsoren &amp; Partner\"}]},{\"@type\":\"WebSite\",\"@id\":\"https:\/\/asgs.dare-solutions.com\/#website\",\"url\":\"https:\/\/asgs.dare-solutions.com\/\",\"name\":\"ASGS HOME\",\"description\":\"Golf mit Freunden\",\"publisher\":{\"@id\":\"https:\/\/asgs.dare-solutions.com\/#organization\"},\"potentialAction\":[{\"@type\":\"SearchAction\",\"target\":{\"@type\":\"EntryPoint\",\"urlTemplate\":\"https:\/\/asgs.dare-solutions.com\/?s={search_term_string}\"},\"query-input\":{\"@type\":\"PropertyValueSpecification\",\"valueRequired\":true,\"valueName\":\"search_term_string\"}}],\"inLanguage\":\"fr-FR\"},{\"@type\":\"Organization\",\"@id\":\"https:\/\/asgs.dare-solutions.com\/#organization\",\"name\":\"ASGS HOME\",\"url\":\"https:\/\/asgs.dare-solutions.com\/\",\"logo\":{\"@type\":\"ImageObject\",\"inLanguage\":\"fr-FR\",\"@id\":\"https:\/\/asgs.dare-solutions.com\/#\/schema\/logo\/image\/\",\"url\":\"https:\/\/asgs.dare-solutions.com\/wp-content\/uploads\/2025\/11\/cropped-ASGS-Logo-neu-01.jpg\",\"contentUrl\":\"https:\/\/asgs.dare-solutions.com\/wp-content\/uploads\/2025\/11\/cropped-ASGS-Logo-neu-01.jpg\",\"width\":512,\"height\":512,\"caption\":\"ASGS HOME\"},\"image\":{\"@id\":\"https:\/\/asgs.dare-solutions.com\/#\/schema\/logo\/image\/\"}}]}<\/script>\n<!-- \/ Yoast SEO plugin. -->","yoast_head_json":{"title":"Sponsors et partenaires - ASGS Home","robots":{"index":"noindex","follow":"follow","max-snippet":"max-snippet:-1","max-image-preview":"max-image-preview:large","max-video-preview":"max-video-preview:-1"},"og_locale":"fr_FR","og_type":"article","og_title":"Sponsoren &amp; Partner - ASGS Home","og_description":"Sponsoren &amp; Partner Schuler Weine Unser Partner f\u00fcr Weine ist Schuler Weine. Mitglieder k\u00f6nnen mit 20% Rabatt einkaufen. Online und in allen Schuler Vinotheken. Rabattcode: ASGS-KES zum Schuler Weine Shop City Golf Shop by Andrej K\u00fcbli (Shop f\u00fcr ASGS Logo-Artikel) Unser Partner f\u00fcr Golfartikel ist &#8222;City Golf Shop by Andrej K\u00fcbli&#8220;. Sonderpreisen f\u00fcr Mitglieder Spezialdeals [&hellip;]","og_url":"https:\/\/asgs.dare-solutions.com\/fr\/sponsors-et-partenaires\/","og_site_name":"ASGS Home","article_modified_time":"2026-03-30T16:22:08+00:00","og_image":[{"width":1800,"height":750,"url":"https:\/\/asgs.dare-solutions.com\/wp-content\/uploads\/2025\/12\/schuler-weine.webp","type":"image\/webp"}],"twitter_card":"summary_large_image","twitter_misc":{"Dur\u00e9e de lecture estim\u00e9e":"1 minute"},"schema":{"@context":"https:\/\/schema.org","@graph":[{"@type":"WebPage","@id":"https:\/\/asgs.dare-solutions.com\/sponsoren-und-partner\/","url":"https:\/\/asgs.dare-solutions.com\/sponsoren-und-partner\/","name":"Sponsors et partenaires - ASGS Home","isPartOf":{"@id":"https:\/\/asgs.dare-solutions.com\/#website"},"primaryImageOfPage":{"@id":"https:\/\/asgs.dare-solutions.com\/sponsoren-und-partner\/#primaryimage"},"image":{"@id":"https:\/\/asgs.dare-solutions.com\/sponsoren-und-partner\/#primaryimage"},"thumbnailUrl":"https:\/\/asgs.dare-solutions.com\/wp-content\/uploads\/2025\/12\/schuler-weine-1024x427.webp","datePublished":"2025-10-30T05:19:12+00:00","dateModified":"2026-03-30T16:22:08+00:00","breadcrumb":{"@id":"https:\/\/asgs.dare-solutions.com\/sponsoren-und-partner\/#breadcrumb"},"inLanguage":"fr-FR","potentialAction":[{"@type":"ReadAction","target":["https:\/\/asgs.dare-solutions.com\/sponsoren-und-partner\/"]}]},{"@type":"ImageObject","inLanguage":"fr-FR","@id":"https:\/\/asgs.dare-solutions.com\/sponsoren-und-partner\/#primaryimage","url":"https:\/\/asgs.dare-solutions.com\/wp-content\/uploads\/2025\/12\/schuler-weine-1024x427.webp","contentUrl":"https:\/\/asgs.dare-solutions.com\/wp-content\/uploads\/2025\/12\/schuler-weine-1024x427.webp"},{"@type":"BreadcrumbList","@id":"https:\/\/asgs.dare-solutions.com\/sponsoren-und-partner\/#breadcrumb","itemListElement":[{"@type":"ListItem","position":1,"name":"Startseite","item":"https:\/\/asgs.dare-solutions.com\/"},{"@type":"ListItem","position":2,"name":"Sponsoren &amp; Partner"}]},{"@type":"WebSite","@id":"https:\/\/asgs.dare-solutions.com\/#website","url":"https:\/\/asgs.dare-solutions.com\/","name":"ASGS HOME","description":"Le golf avec des amis","publisher":{"@id":"https:\/\/asgs.dare-solutions.com\/#organization"},"potentialAction":[{"@type":"SearchAction","target":{"@type":"EntryPoint","urlTemplate":"https:\/\/asgs.dare-solutions.com\/?s={search_term_string}"},"query-input":{"@type":"PropertyValueSpecification","valueRequired":true,"valueName":"search_term_string"}}],"inLanguage":"fr-FR"},{"@type":"Organization","@id":"https:\/\/asgs.dare-solutions.com\/#organization","name":"ASGS HOME","url":"https:\/\/asgs.dare-solutions.com\/","logo":{"@type":"ImageObject","inLanguage":"fr-FR","@id":"https:\/\/asgs.dare-solutions.com\/#\/schema\/logo\/image\/","url":"https:\/\/asgs.dare-solutions.com\/wp-content\/uploads\/2025\/11\/cropped-ASGS-Logo-neu-01.jpg","contentUrl":"https:\/\/asgs.dare-solutions.com\/wp-content\/uploads\/2025\/11\/cropped-ASGS-Logo-neu-01.jpg","width":512,"height":512,"caption":"ASGS HOME"},"image":{"@id":"https:\/\/asgs.dare-solutions.com\/#\/schema\/logo\/image\/"}}]}},"_links":{"self":[{"href":"https:\/\/asgs.dare-solutions.com\/fr\/wp-json\/wp\/v2\/pages\/369","targetHints":{"allow":["GET"]}}],"collection":[{"href":"https:\/\/asgs.dare-solutions.com\/fr\/wp-json\/wp\/v2\/pages"}],"about":[{"href":"https:\/\/asgs.dare-solutions.com\/fr\/wp-json\/wp\/v2\/types\/page"}],"author":[{"embeddable":true,"href":"https:\/\/asgs.dare-solutions.com\/fr\/wp-json\/wp\/v2\/users\/2"}],"replies":[{"embeddable":true,"href":"https:\/\/asgs.dare-solutions.com\/fr\/wp-json\/wp\/v2\/comments?post=369"}],"version-history":[{"count":219,"href":"https:\/\/asgs.dare-solutions.com\/fr\/wp-json\/wp\/v2\/pages\/369\/revisions"}],"predecessor-version":[{"id":7599,"href":"https:\/\/asgs.dare-solutions.com\/fr\/wp-json\/wp\/v2\/pages\/369\/revisions\/7599"}],"wp:attachment":[{"href":"https:\/\/asgs.dare-solutions.com\/fr\/wp-json\/wp\/v2\/media?parent=369"}],"curies":[{"name":"wp","href":"https:\/\/api.w.org\/{rel}","templated":true}]}}