{"id":232,"date":"2025-10-27T13:44:11","date_gmt":"2025-10-27T12:44:11","guid":{"rendered":"https:\/\/asgs.dare-solutions.com\/?page_id=232"},"modified":"2026-02-13T12:35:46","modified_gmt":"2026-02-13T11:35:46","slug":"mentions-legales","status":"publish","type":"page","link":"https:\/\/asgs.dare-solutions.com\/fr\/impressum\/","title":{"rendered":"Mentions l\u00e9gales"},"content":{"rendered":"<div data-elementor-type=\"wp-page\" data-elementor-id=\"232\" class=\"elementor elementor-232\" data-elementor-post-type=\"page\">\n\t\t\t\t<div class=\"elementor-element elementor-element-483a2db e-flex e-con-boxed e-con e-parent\" data-id=\"483a2db\" data-element_type=\"container\">\n\t\t\t\t\t<div class=\"e-con-inner\">\n\t\t\t\t<div class=\"elementor-element elementor-element-46a6f75 elementor-widget elementor-widget-text-editor\" data-id=\"46a6f75\" data-element_type=\"widget\" data-widget_type=\"text-editor.default\">\n\t\t\t\t\t\t\t\t\t<h1>Mentions l\u00e9gales<\/h1>\t\t\t\t\t\t\t\t<\/div>\n\t\t\t\t\t<\/div>\n\t\t\t\t<\/div>\n\t\t<div class=\"elementor-element elementor-element-cbdbf7b e-flex e-con-boxed e-con e-parent\" data-id=\"cbdbf7b\" data-element_type=\"container\">\n\t\t\t\t\t<div class=\"e-con-inner\">\n\t\t\t\t<div class=\"elementor-element elementor-element-6cbbff6 elementor-widget elementor-widget-text-editor\" data-id=\"6cbbff6\" data-element_type=\"widget\" data-widget_type=\"text-editor.default\">\n\t\t\t\t\t\t\t\t\t<p>Association des Seniors Golfeurs de Suisse (ASGS)<br \/>All\u00e9e Roger Federer 1<br \/>Case postale 1997<br \/>2504 Biel\/Bienne<br \/>T\u00e9l\u00e9phone : <a href=\"tel:+41763627293\">+41 76 362 72 93<\/a><br \/>e-Mail : <a href=\"mailto:office@asgs.ch\">Office@ASGS.ch<\/a><br \/>Internet : <a href=\"https:\/\/asgs.dare-solutions.com\/fr\/\">www.asgs.ch<\/a><\/p>\t\t\t\t\t\t\t\t<\/div>\n\t\t\t\t<div class=\"elementor-element elementor-element-9f37f2b elementor-widget elementor-widget-heading\" data-id=\"9f37f2b\" data-element_type=\"widget\" data-widget_type=\"heading.default\">\n\t\t\t\t\t<h2 class=\"elementor-heading-title elementor-size-default\">Mention de responsabilit\u00e9<\/h2>\t\t\t\t<\/div>\n\t\t\t\t<div class=\"elementor-element elementor-element-b478e41 elementor-widget elementor-widget-text-editor\" data-id=\"b478e41\" data-element_type=\"widget\" data-widget_type=\"text-editor.default\">\n\t\t\t\t\t\t\t\t\t<p>Le contenu de notre site web a \u00e9t\u00e9 \u00e9labor\u00e9 avec le plus grand soin. Nous ne pouvons pas garantir l'exactitude, l'exhaustivit\u00e9 et l'actualit\u00e9 des contenus.<\/p>\t\t\t\t\t\t\t\t<\/div>\n\t\t\t\t\t<\/div>\n\t\t\t\t<\/div>\n\t\t\t\t<\/div>","protected":false},"excerpt":{"rendered":"<p>Mentions l\u00e9gales Association des Seniors Golfeurs de Suisse (ASGS)Roger-Federer-Allee 1Case postale 19972504 Biel\/BienneT\u00e9l\u00e9phone : +41 76 362 72 93e-Mail : Office@ASGS.chInternet : www.asgs.ch Clause de responsabilit\u00e9 Le contenu de notre site web a \u00e9t\u00e9 \u00e9labor\u00e9 avec le plus grand soin. Nous ne pouvons pas garantir l'exactitude, l'exhaustivit\u00e9 et l'actualit\u00e9 des contenus.<\/p>","protected":false},"author":2,"featured_media":0,"parent":0,"menu_order":0,"comment_status":"closed","ping_status":"closed","template":"","meta":{"footnotes":""},"class_list":["post-232","page","type-page","status-publish","hentry"],"yoast_head":"<!-- This site is optimized with the Yoast SEO plugin v27.1.1 - https:\/\/yoast.com\/product\/yoast-seo-wordpress\/ -->\n<title>Impressum - ASGS Home<\/title>\n<meta name=\"robots\" content=\"noindex, follow, max-snippet:-1, max-image-preview:large, max-video-preview:-1\" \/>\n<meta property=\"og:locale\" content=\"fr_FR\" \/>\n<meta property=\"og:type\" content=\"article\" \/>\n<meta property=\"og:title\" content=\"Impressum - ASGS Home\" \/>\n<meta property=\"og:description\" content=\"Impressum Association des Seniors Golfeurs de Suisse (ASGS)Roger-Federer-Allee 1Case postale 19972504 Biel\/BienneTelefon: +41 76 362 72 93e-Mail: Office@ASGS.chInternet: www.asgs.ch Haftungshinweis Die Inhalte unserer Webseite wurden mit gr\u00f6sster Sorgfalt erstellt. F\u00fcr die Richtigkeit, Vollst\u00e4ndigkeit und Aktualit\u00e4t der Inhalte kann keine Gew\u00e4hr \u00fcbernommen werden.\" \/>\n<meta property=\"og:url\" content=\"https:\/\/asgs.dare-solutions.com\/fr\/mentions-legales\/\" \/>\n<meta property=\"og:site_name\" content=\"ASGS Home\" \/>\n<meta property=\"article:modified_time\" content=\"2026-02-13T11:35:46+00:00\" \/>\n<meta name=\"twitter:card\" content=\"summary_large_image\" \/>\n<meta name=\"twitter:label1\" content=\"Dur\u00e9e de lecture estim\u00e9e\" \/>\n\t<meta name=\"twitter:data1\" content=\"1 minute\" \/>\n<script type=\"application\/ld+json\" class=\"yoast-schema-graph\">{\"@context\":\"https:\/\/schema.org\",\"@graph\":[{\"@type\":\"WebPage\",\"@id\":\"https:\/\/asgs.dare-solutions.com\/impressum\/\",\"url\":\"https:\/\/asgs.dare-solutions.com\/impressum\/\",\"name\":\"Impressum - ASGS Home\",\"isPartOf\":{\"@id\":\"https:\/\/asgs.dare-solutions.com\/#website\"},\"datePublished\":\"2025-10-27T12:44:11+00:00\",\"dateModified\":\"2026-02-13T11:35:46+00:00\",\"breadcrumb\":{\"@id\":\"https:\/\/asgs.dare-solutions.com\/impressum\/#breadcrumb\"},\"inLanguage\":\"fr-FR\",\"potentialAction\":[{\"@type\":\"ReadAction\",\"target\":[\"https:\/\/asgs.dare-solutions.com\/impressum\/\"]}]},{\"@type\":\"BreadcrumbList\",\"@id\":\"https:\/\/asgs.dare-solutions.com\/impressum\/#breadcrumb\",\"itemListElement\":[{\"@type\":\"ListItem\",\"position\":1,\"name\":\"Startseite\",\"item\":\"https:\/\/asgs.dare-solutions.com\/\"},{\"@type\":\"ListItem\",\"position\":2,\"name\":\"Impressum\"}]},{\"@type\":\"WebSite\",\"@id\":\"https:\/\/asgs.dare-solutions.com\/#website\",\"url\":\"https:\/\/asgs.dare-solutions.com\/\",\"name\":\"ASGS HOME\",\"description\":\"Golf mit Freunden\",\"publisher\":{\"@id\":\"https:\/\/asgs.dare-solutions.com\/#organization\"},\"potentialAction\":[{\"@type\":\"SearchAction\",\"target\":{\"@type\":\"EntryPoint\",\"urlTemplate\":\"https:\/\/asgs.dare-solutions.com\/?s={search_term_string}\"},\"query-input\":{\"@type\":\"PropertyValueSpecification\",\"valueRequired\":true,\"valueName\":\"search_term_string\"}}],\"inLanguage\":\"fr-FR\"},{\"@type\":\"Organization\",\"@id\":\"https:\/\/asgs.dare-solutions.com\/#organization\",\"name\":\"ASGS HOME\",\"url\":\"https:\/\/asgs.dare-solutions.com\/\",\"logo\":{\"@type\":\"ImageObject\",\"inLanguage\":\"fr-FR\",\"@id\":\"https:\/\/asgs.dare-solutions.com\/#\/schema\/logo\/image\/\",\"url\":\"https:\/\/asgs.dare-solutions.com\/wp-content\/uploads\/2025\/11\/cropped-ASGS-Logo-neu-01.jpg\",\"contentUrl\":\"https:\/\/asgs.dare-solutions.com\/wp-content\/uploads\/2025\/11\/cropped-ASGS-Logo-neu-01.jpg\",\"width\":512,\"height\":512,\"caption\":\"ASGS HOME\"},\"image\":{\"@id\":\"https:\/\/asgs.dare-solutions.com\/#\/schema\/logo\/image\/\"}}]}<\/script>\n<!-- \/ Yoast SEO plugin. -->","yoast_head_json":{"title":"Mentions l\u00e9gales - ASGS Home","robots":{"index":"noindex","follow":"follow","max-snippet":"max-snippet:-1","max-image-preview":"max-image-preview:large","max-video-preview":"max-video-preview:-1"},"og_locale":"fr_FR","og_type":"article","og_title":"Impressum - ASGS Home","og_description":"Impressum Association des Seniors Golfeurs de Suisse (ASGS)Roger-Federer-Allee 1Case postale 19972504 Biel\/BienneTelefon: +41 76 362 72 93e-Mail: Office@ASGS.chInternet: www.asgs.ch Haftungshinweis Die Inhalte unserer Webseite wurden mit gr\u00f6sster Sorgfalt erstellt. F\u00fcr die Richtigkeit, Vollst\u00e4ndigkeit und Aktualit\u00e4t der Inhalte kann keine Gew\u00e4hr \u00fcbernommen werden.","og_url":"https:\/\/asgs.dare-solutions.com\/fr\/mentions-legales\/","og_site_name":"ASGS Home","article_modified_time":"2026-02-13T11:35:46+00:00","twitter_card":"summary_large_image","twitter_misc":{"Dur\u00e9e de lecture estim\u00e9e":"1 minute"},"schema":{"@context":"https:\/\/schema.org","@graph":[{"@type":"WebPage","@id":"https:\/\/asgs.dare-solutions.com\/impressum\/","url":"https:\/\/asgs.dare-solutions.com\/impressum\/","name":"Mentions l\u00e9gales - ASGS Home","isPartOf":{"@id":"https:\/\/asgs.dare-solutions.com\/#website"},"datePublished":"2025-10-27T12:44:11+00:00","dateModified":"2026-02-13T11:35:46+00:00","breadcrumb":{"@id":"https:\/\/asgs.dare-solutions.com\/impressum\/#breadcrumb"},"inLanguage":"fr-FR","potentialAction":[{"@type":"ReadAction","target":["https:\/\/asgs.dare-solutions.com\/impressum\/"]}]},{"@type":"BreadcrumbList","@id":"https:\/\/asgs.dare-solutions.com\/impressum\/#breadcrumb","itemListElement":[{"@type":"ListItem","position":1,"name":"Startseite","item":"https:\/\/asgs.dare-solutions.com\/"},{"@type":"ListItem","position":2,"name":"Impressum"}]},{"@type":"WebSite","@id":"https:\/\/asgs.dare-solutions.com\/#website","url":"https:\/\/asgs.dare-solutions.com\/","name":"ASGS HOME","description":"Le golf avec des amis","publisher":{"@id":"https:\/\/asgs.dare-solutions.com\/#organization"},"potentialAction":[{"@type":"SearchAction","target":{"@type":"EntryPoint","urlTemplate":"https:\/\/asgs.dare-solutions.com\/?s={search_term_string}"},"query-input":{"@type":"PropertyValueSpecification","valueRequired":true,"valueName":"search_term_string"}}],"inLanguage":"fr-FR"},{"@type":"Organization","@id":"https:\/\/asgs.dare-solutions.com\/#organization","name":"ASGS HOME","url":"https:\/\/asgs.dare-solutions.com\/","logo":{"@type":"ImageObject","inLanguage":"fr-FR","@id":"https:\/\/asgs.dare-solutions.com\/#\/schema\/logo\/image\/","url":"https:\/\/asgs.dare-solutions.com\/wp-content\/uploads\/2025\/11\/cropped-ASGS-Logo-neu-01.jpg","contentUrl":"https:\/\/asgs.dare-solutions.com\/wp-content\/uploads\/2025\/11\/cropped-ASGS-Logo-neu-01.jpg","width":512,"height":512,"caption":"ASGS HOME"},"image":{"@id":"https:\/\/asgs.dare-solutions.com\/#\/schema\/logo\/image\/"}}]}},"_links":{"self":[{"href":"https:\/\/asgs.dare-solutions.com\/fr\/wp-json\/wp\/v2\/pages\/232","targetHints":{"allow":["GET"]}}],"collection":[{"href":"https:\/\/asgs.dare-solutions.com\/fr\/wp-json\/wp\/v2\/pages"}],"about":[{"href":"https:\/\/asgs.dare-solutions.com\/fr\/wp-json\/wp\/v2\/types\/page"}],"author":[{"embeddable":true,"href":"https:\/\/asgs.dare-solutions.com\/fr\/wp-json\/wp\/v2\/users\/2"}],"replies":[{"embeddable":true,"href":"https:\/\/asgs.dare-solutions.com\/fr\/wp-json\/wp\/v2\/comments?post=232"}],"version-history":[{"count":27,"href":"https:\/\/asgs.dare-solutions.com\/fr\/wp-json\/wp\/v2\/pages\/232\/revisions"}],"predecessor-version":[{"id":5948,"href":"https:\/\/asgs.dare-solutions.com\/fr\/wp-json\/wp\/v2\/pages\/232\/revisions\/5948"}],"wp:attachment":[{"href":"https:\/\/asgs.dare-solutions.com\/fr\/wp-json\/wp\/v2\/media?parent=232"}],"curies":[{"name":"wp","href":"https:\/\/api.w.org\/{rel}","templated":true}]}}